{"id":65,"date":"2018-08-03T03:22:17","date_gmt":"2018-08-03T03:22:17","guid":{"rendered":"https:\/\/iammonline.com\/join-us\/"},"modified":"2026-01-05T10:55:33","modified_gmt":"2026-01-05T10:55:33","slug":"join-us","status":"publish","type":"page","link":"https:\/\/iammonline.com\/es\/join-us\/","title":{"rendered":"Membres\u00eda"},"content":{"rendered":"<h1>\n\t\t\tMembres\u00eda con la IAMM\t<\/h1>\n<h4>\n\t\t\tRevista de M\u00fasica y Medicina\t<\/h4>\n<h4>\n\t\t\t580+ diputados\t<\/h4>\n<h4>\n\t\t\tConferencias de la IAMM\t<\/h4>\n\t<p>Nos da gusto saber que est\u00e1s interesado en convertirte en miembro de la Asociaci\u00f3n Internacional de M\u00fasica y Medicina. \nDurante m\u00e1s de 14 a\u00f1os la IAMM ha sido actor activo en el apoyo y desarrollo en el uso de la m\u00fasica en contextos m\u00e9dicos y de salud. Siendo as\u00ed punto convergente de m\u00e1s de 550 miembros provenientes de todas partes del mundo. \n\u00danete como miembro a la IAMM y disfruta la oportunidad de aprender y ser parte de la red de contactos m\u00e1s grande en el mundo de M\u00fasica y Medicina.<\/p>\n\t\t\t<a href=\"#join\" target=\"_self\">\n\t\t\t\t\t\t\tOBT\u00c9N TU MEMBRES\u00cdA\n\t\t\t\t\t<\/a>\n<h2>\n\t\t\t\"Jugando en la intersecci\u00f3n de la m\u00fasica y la medicina\"\t<\/h2>\n<h2>\n\t\t\tVentajas de ser miembro de la IAMM\t<\/h2>\n\tConvertirse en socia\/o de la IAMM ofrece excelentes oportunidades para relacionarse y aprender de m\u00e1s de 550 integrantes de todo el mundo de la IAMM.\n<h3>\n\t\t\tMusic and Medicine\t<\/h3>\n\t\t\t\t<img decoding=\"async\" data-src=\"https:\/\/iammonline.com\/wp-content\/uploads\/2022\/01\/cover-22ab-compressed.jpg\" alt=\"cover 22ab compressed\" itemprop=\"image\" height=\"2896\" width=\"2250\" title=\"tapa 22ab comprimida\" onerror=\"this.style.display='none'\" src=\"data:image\/svg+xml;base64,PHN2ZyB3aWR0aD0iMSIgaGVpZ2h0PSIxIiB4bWxucz0iaHR0cDovL3d3dy53My5vcmcvMjAwMC9zdmciPjwvc3ZnPg==\" class=\"lazyload\" style=\"--smush-placeholder-width: 2250px; --smush-placeholder-aspect-ratio: 2250\/2896;\" \/>\n\tLa membres\u00eda anual te da acceso a los vol\u00famenes cuatrienales de la Revista <em>Music and Medicine.<\/em> Esta suscripci\u00f3n tambi\u00e9n proporciona acceso electr\u00f3nico a todas las ediciones de la Revista desde el Vol 1, N\u00famero 1 (2009).\nM\u00fasica y Medicina es la principal publicaci\u00f3n de la Asociaci\u00f3n Internacional de M\u00fasica y Medicina. Esta revista \u00fanica est\u00e1 disponible en l\u00ednea desde cualquier lugar del mundo.\n<h3>\n\t\t\tConferencia de la IAMM\t<\/h3>\n\t\t\t\t<img decoding=\"async\" data-src=\"https:\/\/iammonline.com\/wp-content\/uploads\/2021\/02\/IMG-20180614-WA0007-copy.jpg\" alt=\"IMG-20180614-WA0007 copy\" itemprop=\"image\" height=\"1177\" width=\"1177\" title=\"IMG-20180614-WA0007 copia\" onerror=\"this.style.display='none'\" src=\"data:image\/svg+xml;base64,PHN2ZyB3aWR0aD0iMSIgaGVpZ2h0PSIxIiB4bWxucz0iaHR0cDovL3d3dy53My5vcmcvMjAwMC9zdmciPjwvc3ZnPg==\" class=\"lazyload\" style=\"--smush-placeholder-width: 1177px; --smush-placeholder-aspect-ratio: 1177\/1177;\" \/>\n\t<p>Obt\u00e9n descuentos en la Conferencia de la IAMM, la que es realizada cada dos a\u00f1os. Esta reuni\u00f3n internacional de investigadores cl\u00ednicos y profesionales incluye sesiones plenarias, talleres, sesiones de p\u00f3sters, oportunidades de establecer contactos, exposiciones comerciales y oportunidades educativas en una amplia gama de \u00e1reas de la m\u00fasica y la medicina.<\/p>\n<h3>\n\t\t\tAdem\u00e1s:\t<\/h3>\n\t\t\t\t<img decoding=\"async\" data-src=\"https:\/\/iammonline.com\/wp-content\/uploads\/2020\/08\/image002.png\" alt=\"image002\" itemprop=\"image\" height=\"311\" width=\"432\" title=\"image002\" onerror=\"this.style.display='none'\" src=\"data:image\/svg+xml;base64,PHN2ZyB3aWR0aD0iMSIgaGVpZ2h0PSIxIiB4bWxucz0iaHR0cDovL3d3dy53My5vcmcvMjAwMC9zdmciPjwvc3ZnPg==\" class=\"lazyload\" style=\"--smush-placeholder-width: 432px; --smush-placeholder-aspect-ratio: 432\/311;\" \/>\n\t<p><strong>Liderazgo en los comit\u00e9s de la IAMM:<\/strong> Que tu voz se escuche en temas de m\u00fasica y medicina internacional uni\u00e9ndose a un comit\u00e9 o grupo de trabajo de la IAMM.<\/p>\n<p><strong>Participaci\u00f3n en los grupos de inter\u00e9s especial de la IAMM:<\/strong> Los Grupos de Especial Inter\u00e9s se re\u00fanen en las conferencias de la IAMM y colaboran en proyectos especiales.<\/p>\n<p><strong>Acceso a eventos especiales:<\/strong> Ofrecemos continuamente eventos y ofertas especiales s\u00f3lo para afiliados.<\/p>\n<p>Y m\u00e1s.<\/p>\n\t\t\t<a href=\"#join\" target=\"_self\">\n\t\t\t\t\t\t\tOBT\u00c9N TU MEMBRES\u00cdA\n\t\t\t\t\t<\/a>\n<h2>\n\t\t\t\u00danete aqu\u00ed\t<\/h2>\n<h3>\n\t\t<a href=\"https:\/\/iammonline.com\/register\/full-member-developed-world\/\" title=\"Pa\u00edses desarrollados\"  target=\"_self\">\n\t\t\tPa\u00edses desarrollados\t\t<\/a>\n\t<\/h3>\n\t\t\t\t<img decoding=\"async\" data-src=\"https:\/\/iammonline.com\/wp-content\/uploads\/2022\/01\/cover-22ab-compressed.jpg\" alt=\"cover 22ab compressed\" itemprop=\"image\" height=\"2896\" width=\"2250\" title=\"tapa 22ab comprimida\" onerror=\"this.style.display='none'\" src=\"data:image\/svg+xml;base64,PHN2ZyB3aWR0aD0iMSIgaGVpZ2h0PSIxIiB4bWxucz0iaHR0cDovL3d3dy53My5vcmcvMjAwMC9zdmciPjwvc3ZnPg==\" class=\"lazyload\" style=\"--smush-placeholder-width: 2250px; --smush-placeholder-aspect-ratio: 2250\/2896;\" \/>\n<h2>\n\t\t$100\n\t\tPor a\u00f1o\n\t\t\t\t<\/h2>\t\n\t\t\t<a href=\"https:\/\/iammonline.com\/register\/full-member-developed-world\/\" target=\"_blank\" rel=\"noopener\">\n\t\t\t\t\t\t\t\u00danete a\n\t\t\t\t\t<\/a>\n<h3>\n\t\t\tPa\u00edses del Sur* Global\t<\/h3>\n\t\t\t\t<img decoding=\"async\" data-src=\"https:\/\/iammonline.com\/wp-content\/uploads\/2022\/01\/cover-22ab-compressed.jpg\" alt=\"cover 22ab compressed\" itemprop=\"image\" height=\"2896\" width=\"2250\" title=\"tapa 22ab comprimida\" onerror=\"this.style.display='none'\" src=\"data:image\/svg+xml;base64,PHN2ZyB3aWR0aD0iMSIgaGVpZ2h0PSIxIiB4bWxucz0iaHR0cDovL3d3dy53My5vcmcvMjAwMC9zdmciPjwvc3ZnPg==\" class=\"lazyload\" style=\"--smush-placeholder-width: 2250px; --smush-placeholder-aspect-ratio: 2250\/2896;\" \/>\n<h2>\n\t\t$50\n\t\tPor a\u00f1o\n\t\t\t\t<\/h2>\t\n\t\t\t<a href=\"https:\/\/iammonline.com\/register\/full-member-developing-world\/\" target=\"_blank\" rel=\"noopener\">\n\t\t\t\t\t\t\t\u00danete a\n\t\t\t\t\t<\/a>\n<h3>\n\t\t\tEstudiantes\/Desempleados\/Jubilados\t<\/h3>\n\t\t\t\t<img decoding=\"async\" data-src=\"https:\/\/iammonline.com\/wp-content\/uploads\/2022\/01\/cover-22ab-compressed.jpg\" alt=\"cover 22ab compressed\" itemprop=\"image\" height=\"2896\" width=\"2250\" title=\"tapa 22ab comprimida\" onerror=\"this.style.display='none'\" src=\"data:image\/svg+xml;base64,PHN2ZyB3aWR0aD0iMSIgaGVpZ2h0PSIxIiB4bWxucz0iaHR0cDovL3d3dy53My5vcmcvMjAwMC9zdmciPjwvc3ZnPg==\" class=\"lazyload\" style=\"--smush-placeholder-width: 2250px; --smush-placeholder-aspect-ratio: 2250\/2896;\" \/>\n<h2>\n\t\t$50\n\t\tPor a\u00f1o\n\t\t\t\t<\/h2>\t\n\t\t\t<a href=\"https:\/\/iammonline.com\/register\/student-unwaged-retired\/\" target=\"_blank\" rel=\"noopener\">\n\t\t\t\t\t\t\t\u00danete a\n\t\t\t\t\t<\/a>\n<h3>\n\t\t\tSuscripci\u00f3n institucional\t<\/h3>\n\t\t\t\t<img decoding=\"async\" data-src=\"https:\/\/iammonline.com\/wp-content\/uploads\/2022\/01\/cover-22ab-compressed.jpg\" alt=\"cover 22ab compressed\" itemprop=\"image\" height=\"2896\" width=\"2250\" title=\"tapa 22ab comprimida\" onerror=\"this.style.display='none'\" src=\"data:image\/svg+xml;base64,PHN2ZyB3aWR0aD0iMSIgaGVpZ2h0PSIxIiB4bWxucz0iaHR0cDovL3d3dy53My5vcmcvMjAwMC9zdmciPjwvc3ZnPg==\" class=\"lazyload\" style=\"--smush-placeholder-width: 2250px; --smush-placeholder-aspect-ratio: 2250\/2896;\" \/>\n<h2>\n\t\t$400 al a\u00f1o\n\t\t\t\t<\/h2>\t\n\t\t\t<a href=\"https:\/\/iammonline.com\/register\/institutional-online-journal-access\/\" target=\"_blank\" rel=\"noopener\">\n\t\t\t\t\t\t\t\u00danete a\n\t\t\t\t\t<\/a>\n\t<p><strong>Si no puede pagar la cuota de afiliaci\u00f3n a la IAMM, considere la posibilidad de rellenar el formulario siguiente <a href=\"https:\/\/iamm.typeform.com\/to\/MjDMfK4e\" target=\"_blank\" rel=\"noopener\">esta solicitud<\/a> para la reducci\u00f3n de la cuota de afiliaci\u00f3n. Revisamos estas solicitudes de forma continua y tenemos en cuenta el pa\u00eds desde el que se une a nosotros, as\u00ed como la raz\u00f3n por la que solicita una reducci\u00f3n de la cuota.<\/strong><\/p>\n\t\t\t<a href=\"https:\/\/iamm.typeform.com\/to\/MjDMfK4e\" target=\"_blank\" rel=\"noopener\">\n\t\t\t\t\t\t\tSolicitud de Reducci\u00f3n de Cuota\n\t\t\t\t\t<\/a>","protected":false},"excerpt":{"rendered":"<p>Join IAMM Music and Medicine Journal 580+ Members IAMM Conferences We are delighted that you are interested in joining the International Association for Music and Medicine! The International Association for Music &amp; Medicine is a registered non-profit organisation formed in 2009 to encourage and support the use of music in [&hellip;]<\/p>\n","protected":false},"author":1,"featured_media":0,"parent":0,"menu_order":0,"comment_status":"closed","ping_status":"closed","template":"page-templates\/template-pagebuilder-full-width.php","meta":{"_bbp_topic_count":0,"_bbp_reply_count":0,"_bbp_total_topic_count":0,"_bbp_total_reply_count":0,"_bbp_voice_count":0,"_bbp_anonymous_reply_count":0,"_bbp_topic_count_hidden":0,"_bbp_reply_count_hidden":0,"_bbp_forum_subforum_count":0,"om_disable_all_campaigns":false,"_monsterinsights_skip_tracking":false,"_monsterinsights_sitenote_active":false,"_monsterinsights_sitenote_note":"","_monsterinsights_sitenote_category":0,"advanced_seo_description":"","jetpack_seo_html_title":"","jetpack_seo_noindex":false,"_price":"","_stock":"","_tribe_ticket_header":"","_tribe_default_ticket_provider":"","_tribe_ticket_capacity":"0","_ticket_start_date":"","_ticket_end_date":"","_tribe_ticket_show_description":"","_tribe_ticket_show_not_going":false,"_tribe_ticket_use_global_stock":"","_tribe_ticket_global_stock_level":"","_global_stock_mode":"","_global_stock_cap":"","_tribe_rsvp_for_event":"","_tribe_ticket_going_count":"","_tribe_ticket_not_going_count":"","_tribe_tickets_list":"[]","_tribe_ticket_has_attendee_info_fields":false,"jetpack_post_was_ever_published":false,"footnotes":"","_tec_slr_enabled":"","_tec_slr_layout":""},"class_list":["post-65","page","type-page","status-publish","hentry"],"jetpack_sharing_enabled":true,"jetpack_shortlink":"https:\/\/wp.me\/Pa8LTR-13","jetpack-related-posts":[{"id":4,"url":"https:\/\/iammonline.com\/es\/","url_meta":{"origin":65,"position":0},"title":"Inicio","author":"IAMM Admin","date":"agosto 2, 2018","format":false,"excerpt":"Bienvenido a la IAMM. La Asociaci\u00f3n Internacional de M\u00fasica y Medicina (IAMM) es una organizaci\u00f3n sin fines de lucro constituida en 2009 con el objetivo de promover y apoyar el uso de la m\u00fasica en contextos m\u00e9dicos, incluida la investigaci\u00f3n sobre los beneficios de la m\u00fasica y sus aplicaciones especializadas en el \u00e1mbito de la salud. \u00daNETE A LA IAMM LEE NUESTRO BLOG IAMM 2026 Internacional\u2026","rel":"","context":"Entrada similar ","block_context":{"text":"Entrada similar ","link":""},"img":{"alt_text":"","src":"https:\/\/i0.wp.com\/iammonline.com\/wp-content\/uploads\/2018\/08\/iammlogolarge.jpg?resize=350%2C200&ssl=1","width":350,"height":200,"srcset":"https:\/\/i0.wp.com\/iammonline.com\/wp-content\/uploads\/2018\/08\/iammlogolarge.jpg?resize=350%2C200&ssl=1 1x, https:\/\/i0.wp.com\/iammonline.com\/wp-content\/uploads\/2018\/08\/iammlogolarge.jpg?resize=525%2C300&ssl=1 1.5x, https:\/\/i0.wp.com\/iammonline.com\/wp-content\/uploads\/2018\/08\/iammlogolarge.jpg?resize=700%2C400&ssl=1 2x, https:\/\/i0.wp.com\/iammonline.com\/wp-content\/uploads\/2018\/08\/iammlogolarge.jpg?resize=1050%2C600&ssl=1 3x, https:\/\/i0.wp.com\/iammonline.com\/wp-content\/uploads\/2018\/08\/iammlogolarge.jpg?resize=1400%2C800&ssl=1 4x"},"classes":[]},{"id":3774,"url":"https:\/\/iammonline.com\/es\/about-us\/","url_meta":{"origin":65,"position":1},"title":"Acerca de Nosotros","author":"Samuel Gracida","date":"febrero 23, 2021","format":false,"excerpt":"Acerca de nosotros La Asociaci\u00f3n Internacional de M\u00fasica y Medicina La Asociaci\u00f3n Internacional de M\u00fasica y Medicina es una organizaci\u00f3n sin fines de lucro registrada, constituida en 2009 con el fin de fomentar y apoyar el uso de la m\u00fasica en contextos m\u00e9dicos, incluida la investigaci\u00f3n sobre los beneficios de la m\u00fasica y sus aplicaciones especializadas en la atenci\u00f3n sanitaria. Gobernanza La...","rel":"","context":"Entrada similar ","block_context":{"text":"Entrada similar ","link":""},"img":{"alt_text":"Erika Saito MD, MA, Japan","src":"https:\/\/i0.wp.com\/iammonline.com\/wp-content\/uploads\/2018\/08\/iammlogolarge.jpg?resize=350%2C200&ssl=1","width":350,"height":200,"srcset":"https:\/\/i0.wp.com\/iammonline.com\/wp-content\/uploads\/2018\/08\/iammlogolarge.jpg?resize=350%2C200&ssl=1 1x, https:\/\/i0.wp.com\/iammonline.com\/wp-content\/uploads\/2018\/08\/iammlogolarge.jpg?resize=525%2C300&ssl=1 1.5x, https:\/\/i0.wp.com\/iammonline.com\/wp-content\/uploads\/2018\/08\/iammlogolarge.jpg?resize=700%2C400&ssl=1 2x, https:\/\/i0.wp.com\/iammonline.com\/wp-content\/uploads\/2018\/08\/iammlogolarge.jpg?resize=1050%2C600&ssl=1 3x, https:\/\/i0.wp.com\/iammonline.com\/wp-content\/uploads\/2018\/08\/iammlogolarge.jpg?resize=1400%2C800&ssl=1 4x"},"classes":[]},{"id":7954,"url":"https:\/\/iammonline.com\/es\/iamm-2022-content-library\/","url_meta":{"origin":65,"position":2},"title":"Biblioteca de contenidos IAMM 2022","author":"IAMM Admin","date":"noviembre 26, 2022","format":false,"excerpt":"Desbloquee el acceso a la biblioteca de contenidos de la IAMM 2022 y aprenda de m\u00e1s de 80 talleres y presentaciones de los principales expertos mundiales en musicoterapia y m\u00fasica y medicina. Haga clic aqu\u00ed para desbloquear ahora M\u00e1s de 80 presentaciones M\u00e1s de 160 expertos destacados M\u00e1s de 40 horas de contenido Catherine Delong, CM-Th, presenta \"La m\u00fasica como medicina en...\u00bb.","rel":"","context":"Entrada similar ","block_context":{"text":"Entrada similar ","link":""},"img":{"alt_text":"Catherine Delong, CM-Th, presenting \"Music as Medicine at the End of Life\" at IAMM 2022.","src":"https:\/\/i0.wp.com\/iammonline.com\/wp-content\/uploads\/2022\/08\/IAMM2022_-3.png?resize=350%2C200&ssl=1","width":350,"height":200,"srcset":"https:\/\/i0.wp.com\/iammonline.com\/wp-content\/uploads\/2022\/08\/IAMM2022_-3.png?resize=350%2C200&ssl=1 1x, https:\/\/i0.wp.com\/iammonline.com\/wp-content\/uploads\/2022\/08\/IAMM2022_-3.png?resize=525%2C300&ssl=1 1.5x, https:\/\/i0.wp.com\/iammonline.com\/wp-content\/uploads\/2022\/08\/IAMM2022_-3.png?resize=700%2C400&ssl=1 2x, https:\/\/i0.wp.com\/iammonline.com\/wp-content\/uploads\/2022\/08\/IAMM2022_-3.png?resize=1050%2C600&ssl=1 3x, https:\/\/i0.wp.com\/iammonline.com\/wp-content\/uploads\/2022\/08\/IAMM2022_-3.png?resize=1400%2C800&ssl=1 4x"},"classes":[]},{"id":1820,"url":"https:\/\/iammonline.com\/es\/welcome\/","url_meta":{"origin":65,"position":3},"title":"Bienvenido\/a a IAMM","author":"IAMM Admin","date":"marzo 18, 2020","format":false,"excerpt":"Bienvenido a la IAMM \u00a1Bienvenido a la Asociaci\u00f3n Internacional de M\u00fasica y Medicina! Acaba de unirse a una din\u00e1mica comunidad global de profesionales que trabajan en la intersecci\u00f3n entre la m\u00fasica y la medicina\/salud. Ser miembro de la IAMM conlleva varias ventajas. \u00a1Siga leyendo esta p\u00e1gina para conocer algunas de ellas! M\u00fasica...","rel":"","context":"En \"Paid\"","block_context":{"text":"Paid","link":"https:\/\/iammonline.com\/es\/tag\/paid\/"},"img":{"alt_text":"cover_issue_66_en_US","src":"https:\/\/i0.wp.com\/iammonline.com\/wp-content\/uploads\/2021\/02\/cover_issue_66_en_US.png?resize=350%2C200&ssl=1","width":350,"height":200},"classes":[]},{"id":4667,"url":"https:\/\/iammonline.com\/es\/history\/","url_meta":{"origin":65,"position":4},"title":"Historia de la IAMM","author":"IAMM Admin","date":"julio 27, 2021","format":false,"excerpt":"Historia de la IAMM La Asociaci\u00f3n Internacional de M\u00fasica y Medicina es una organizaci\u00f3n sin fines de lucro registrada que se constituy\u00f3 en 2009 con el fin de fomentar y apoyar el uso de la m\u00fasica en contextos m\u00e9dicos, incluida la investigaci\u00f3n sobre los beneficios de la m\u00fasica y sus aplicaciones especializadas en la atenci\u00f3n sanitaria. Nuestra misi\u00f3n global es apoyar el desarrollo...","rel":"","context":"Entrada similar ","block_context":{"text":"Entrada similar ","link":""},"img":{"alt_text":"","src":"https:\/\/i0.wp.com\/iammonline.com\/wp-content\/uploads\/2021\/11\/iamm-inaugural-conf-2009-Ireland-1024x681.jpeg?resize=350%2C200&ssl=1","width":350,"height":200,"srcset":"https:\/\/i0.wp.com\/iammonline.com\/wp-content\/uploads\/2021\/11\/iamm-inaugural-conf-2009-Ireland-1024x681.jpeg?resize=350%2C200&ssl=1 1x, https:\/\/i0.wp.com\/iammonline.com\/wp-content\/uploads\/2021\/11\/iamm-inaugural-conf-2009-Ireland-1024x681.jpeg?resize=525%2C300&ssl=1 1.5x, https:\/\/i0.wp.com\/iammonline.com\/wp-content\/uploads\/2021\/11\/iamm-inaugural-conf-2009-Ireland-1024x681.jpeg?resize=700%2C400&ssl=1 2x"},"classes":[]},{"id":3636,"url":"https:\/\/iammonline.com\/es\/iamm2021\/","url_meta":{"origin":65,"position":5},"title":"IAMM2021","author":"Samuel Gracida","date":"enero 29, 2021","format":false,"excerpt":"IAMM With You: En conversaci\u00f3n Acomp\u00e1\u00f1anos en esta serie de entrevistas transmitidas en vivo con profesionales de todo el mundo que trabajan y se dedican a actividades en la intersecci\u00f3n entre la m\u00fasica y la medicina\/salud; las sesiones se celebran aproximadamente dos veces al mes. M\u00c1S INFORMACI\u00d3N IAMM Global Caf\u00e9 IAMM Global Caf\u00e9 (IGC) es un evento virtual de networking para IAMM\u2026","rel":"","context":"Entrada similar ","block_context":{"text":"Entrada similar ","link":""},"img":{"alt_text":"","src":"https:\/\/i0.wp.com\/iammonline.com\/wp-content\/uploads\/2021\/01\/IAMM2021-graphics-04.png?resize=350%2C200&ssl=1","width":350,"height":200,"srcset":"https:\/\/i0.wp.com\/iammonline.com\/wp-content\/uploads\/2021\/01\/IAMM2021-graphics-04.png?resize=350%2C200&ssl=1 1x, https:\/\/i0.wp.com\/iammonline.com\/wp-content\/uploads\/2021\/01\/IAMM2021-graphics-04.png?resize=525%2C300&ssl=1 1.5x, https:\/\/i0.wp.com\/iammonline.com\/wp-content\/uploads\/2021\/01\/IAMM2021-graphics-04.png?resize=700%2C400&ssl=1 2x, https:\/\/i0.wp.com\/iammonline.com\/wp-content\/uploads\/2021\/01\/IAMM2021-graphics-04.png?resize=1050%2C600&ssl=1 3x, https:\/\/i0.wp.com\/iammonline.com\/wp-content\/uploads\/2021\/01\/IAMM2021-graphics-04.png?resize=1400%2C800&ssl=1 4x"},"classes":[]}],"ticketed":false,"_links":{"self":[{"href":"https:\/\/iammonline.com\/es\/wp-json\/wp\/v2\/pages\/65","targetHints":{"allow":["GET"]}}],"collection":[{"href":"https:\/\/iammonline.com\/es\/wp-json\/wp\/v2\/pages"}],"about":[{"href":"https:\/\/iammonline.com\/es\/wp-json\/wp\/v2\/types\/page"}],"author":[{"embeddable":true,"href":"https:\/\/iammonline.com\/es\/wp-json\/wp\/v2\/users\/1"}],"replies":[{"embeddable":true,"href":"https:\/\/iammonline.com\/es\/wp-json\/wp\/v2\/comments?post=65"}],"version-history":[{"count":12,"href":"https:\/\/iammonline.com\/es\/wp-json\/wp\/v2\/pages\/65\/revisions"}],"predecessor-version":[{"id":13320,"href":"https:\/\/iammonline.com\/es\/wp-json\/wp\/v2\/pages\/65\/revisions\/13320"}],"wp:attachment":[{"href":"https:\/\/iammonline.com\/es\/wp-json\/wp\/v2\/media?parent=65"}],"curies":[{"name":"wp","href":"https:\/\/api.w.org\/{rel}","templated":true}]}}