{"id":58,"date":"2018-08-03T03:18:47","date_gmt":"2018-08-03T03:18:47","guid":{"rendered":"https:\/\/iammonline.com\/?page_id=58"},"modified":"2026-02-13T21:31:10","modified_gmt":"2026-02-13T21:31:10","slug":"mmd-team","status":"publish","type":"page","link":"https:\/\/iammonline.com\/es\/mmd-team\/","title":{"rendered":"Equipo MMD"},"content":{"rendered":"<h1>Equipo de Redacci\u00f3n<\/h1>\n<figure itemscope itemtype=\"https:\/\/schema.org\/ImageObject\">\n\t\t\t\t<img decoding=\"async\" data-src=\"https:\/\/iammonline.com\/wp-content\/uploads\/2020\/09\/Spintge2016-e1599553476541.jpg\" alt=\"Spintge2016\" height=\"539\" width=\"541\" title=\"Spintge2016\" onerror=\"this.style.display='none'\" src=\"data:image\/svg+xml;base64,PHN2ZyB3aWR0aD0iMSIgaGVpZ2h0PSIxIiB4bWxucz0iaHR0cDovL3d3dy53My5vcmcvMjAwMC9zdmciPjwvc3ZnPg==\" class=\"lazyload\" style=\"--smush-placeholder-width: 541px; --smush-placeholder-aspect-ratio: 541\/539;\" \/>\n\t<\/figure>\n<h3>\n\t\t\tCo-editor en Jefe\t<\/h3>\n\t<strong>Dr. Ralph Spintge<\/strong><br \/>\n<strong>Instituto de Musicoterapia, Universidad de M\u00fasica y Teatro, Hamburgo, Alemania<\/strong>\nRalph Spintge MD, Dr.med., es Director del Instituto de Investigaci\u00f3n de M\u00fasica M\u00e9dica IMUR, Luedenscheid Alemania, Profesor vitalicio de M\u00fasica-Medicina en la Universidad de M\u00fasica y Arte Dram\u00e1tico; Profesor adjunto em\u00e9rito en el Instituto de Investigaci\u00f3n Musical UTSA, Co-EIC Journal Music and Medicine. Desde 1981 ha realizado estudios psicofisiol\u00f3gicos sobre los efectos anxioalgol\u00edticos de la m\u00fasica en entornos m\u00e9dicos en diversas universidades como Hirosaki (Jap\u00f3n), Viena (Austria), Rotterdam (Pa\u00edses Bajos), New South Wales State Conservatorium of Music Sydney (Australia) y varios hospitales universitarios alemanes. Ha publicado numerosos art\u00edculos y 23 libros. Es Presidente de la asociaci\u00f3n \"International Society for Music and Medicine\". Es miembro honorario de la IAMM y de la Asociaci\u00f3n de Musicoterapia de Catalu\u00f1a, y miembro de la Junta del Centro Skille-Lehikoinen de Investigaci\u00f3n Vibroac\u00fastica VIBRAC de la Universidad de Jyv\u00e4skyl\u00e4 (Finlandia). Sus proyectos de investigaci\u00f3n recientes incluyen la musicoterapia individualizada en el dolor cr\u00f3nico, la m\u00fasica medicofuncional y la VFC, la aplicaci\u00f3n de paisajes sonoros medicofuncionales en entornos m\u00e9dicos.\n\t<hr \/>\n<p>&nbsp;<\/p>\n<figure itemscope itemtype=\"https:\/\/schema.org\/ImageObject\">\n\t\t\t\t<img decoding=\"async\" data-src=\"https:\/\/iammonline.com\/wp-content\/uploads\/2026\/02\/Amy-Clements-Cortes-black-blouse-half-shot.jpg\" alt=\"Amy Clements-Cortes -black blouse half shot\" height=\"2839\" width=\"2681\" title=\"Amy Clements-Cortes: blusa negra, medio plano.\" onerror=\"this.style.display='none'\" src=\"data:image\/svg+xml;base64,PHN2ZyB3aWR0aD0iMSIgaGVpZ2h0PSIxIiB4bWxucz0iaHR0cDovL3d3dy53My5vcmcvMjAwMC9zdmciPjwvc3ZnPg==\" class=\"lazyload\" style=\"--smush-placeholder-width: 2681px; --smush-placeholder-aspect-ratio: 2681\/2839;\" \/>\n\t<\/figure>\n<h3>\n\t\t\tCo-editor en Jefe\t<\/h3>\n\t<strong>Amy Clements-Cort\u00e9s, doctora, RP, MTA, MT-BC<\/strong><br \/>\n<strong>Universidad de Toronto, M\u00fasica y Ciencias de la Salud; Universidad Wilfried Laurier, Canad\u00e1<\/strong>\n<p>Amy es profesora asociada en la Facultad de M\u00fasica de la Universidad de Toronto, musicoterapeuta, psicoterapeuta registrada y miembro del M\u00e9todo Bonny de Im\u00e1genes Guiadas y M\u00fasica, y Musicoterapia Neurol\u00f3gica. Amy tiene una amplia experiencia cl\u00ednica y est\u00e1 especializada en demencia y cuidados paliativos. Sus contribuciones a la investigaci\u00f3n han dado lugar a excelentes tratamientos proporcionados por profesionales de la m\u00fasica y la medicina. Entre ellos se incluyen: la finalizaci\u00f3n de relaciones para personas en fase terminal, la terapia vibroac\u00fastica y los protocolos de canto para personas diagnosticadas con demencia, as\u00ed como experiencias en pr\u00e1cticas de musicoterapia. Con una reputaci\u00f3n internacional, Amy forma parte de m\u00faltiples grupos de inter\u00e9s especial para promover la comprensi\u00f3n de las intervenciones basadas en la m\u00fasica para el dolor, la demencia y los cuidados paliativos, y lidera un grupo de acad\u00e9micos internacionales que trabajan en el avance de la musicoterapia a distancia. Amy es expresidenta de la Federaci\u00f3n Mundial de Musicoterapia y de la Asociaci\u00f3n Canadiense de Musicoterapeutas.<\/p>\n\t<hr \/>\n<p>&nbsp;<\/p>\n<figure itemscope itemtype=\"https:\/\/schema.org\/ImageObject\">\n\t\t\t\t<img decoding=\"async\" data-src=\"https:\/\/iammonline.com\/wp-content\/uploads\/2025\/04\/Mark-Ettenberger-Portrait.jpg\" alt=\"Mark Ettenberger Portrait\" height=\"2798\" width=\"2798\" title=\"Retrato de Mark Ettenberger\" onerror=\"this.style.display='none'\" src=\"data:image\/svg+xml;base64,PHN2ZyB3aWR0aD0iMSIgaGVpZ2h0PSIxIiB4bWxucz0iaHR0cDovL3d3dy53My5vcmcvMjAwMC9zdmciPjwvc3ZnPg==\" class=\"lazyload\" style=\"--smush-placeholder-width: 2798px; --smush-placeholder-aspect-ratio: 2798\/2798;\" \/>\n\t<\/figure>\n<h3>\n\t\t\tEditor asociado\t<\/h3>\n\t<strong>Mark Ettenberger, PhD, MA, MT<br \/>\n<\/strong>\nMark es etnomusicoterapeuta formado en Austria y obtuvo su doctorado en Musicoterapia en la Universidad Anglia Ruskin (Reino Unido). Se especializ\u00f3 en musicoterapia neonatal (RBL - Rhythm, Breath, Lullaby) en el Louis Armstrong Center for Music &amp; Medicine de Nueva York y tiene un m\u00e1ster en Estudios para la Paz y Resoluci\u00f3n de Conflictos por la C\u00e1tedra UNESCO de Filosof\u00eda para la Paz de la Universidad Jaume I de Espa\u00f1a. Actualmente vive y trabaja en Bogot\u00e1, Colombia, donde es director de SONO - Centro de Musicoterapia (www.sono.la) y profesor universitario en varios programas de musicoterapia a nivel internacional. Coordina los servicios de musicoterapia en varios hospitales de Colombia y tiene un inter\u00e9s espec\u00edfico en la investigaci\u00f3n de intervenciones y terapias basadas en la m\u00fasica en entornos m\u00e9dicos.\n\t<hr \/>\n<p>&nbsp;<\/p>\n<figure itemscope itemtype=\"https:\/\/schema.org\/ImageObject\">\n\t\t\t\t<img decoding=\"async\" data-src=\"https:\/\/iammonline.com\/wp-content\/uploads\/2026\/02\/A0FCE803-FAA7-46DB-BE3D-71E54BEE3453-export.jpg\" alt=\"A0FCE803-FAA7-46DB-BE3D-71E54BEE3453-export\" height=\"2016\" width=\"1512\" title=\"A0FCE803-FAA7-46DB-BE3D-71E54BEE3453-export\" onerror=\"this.style.display='none'\" src=\"data:image\/svg+xml;base64,PHN2ZyB3aWR0aD0iMSIgaGVpZ2h0PSIxIiB4bWxucz0iaHR0cDovL3d3dy53My5vcmcvMjAwMC9zdmciPjwvc3ZnPg==\" class=\"lazyload\" style=\"--smush-placeholder-width: 1512px; --smush-placeholder-aspect-ratio: 1512\/2016;\" \/>\n\t<\/figure>\n<h3>\n\t\t\tEditor asociado\t<\/h3>\n\t<strong>Marija Pranji\u0107, doctora, MT-BC<br \/>\n<\/strong>\nDr. Marija Pranji\u0107 is a neuroscientist, pianist, and board-certified music therapist with specialized training in neurologic music therapy (NMT-F). She is currently a research fellow in the Laboratories of Cognitive Neuroscience at Harvard Medical School and Boston Children&#8217;s Hospital, and serves as a course instructor at Harvard University. Her research lies at the intersection of music, brain science, and developmental medicine, focusing on music-induced neuroplasticity and its biomedical applications. With academic and professional experience spanning Croatia (BMus\/MMus), the United Kingdom (MA), Canada (PhD), and the United States, Dr. Pranji\u0107 is deeply committed to interdisciplinary scholarship and the rigorous dissemination of scientific knowledge. Her work has been supported by the GRAMMY Museum Grant, Harvard&#8217;s Interdisciplinary Mind Grant, and the MITACS Globalink Research Award, among others.\n\t<hr \/>\n<p>&nbsp;<\/p>\n<figure itemscope itemtype=\"https:\/\/schema.org\/ImageObject\">\n\t\t\t\t<img decoding=\"async\" data-src=\"https:\/\/iammonline.com\/wp-content\/uploads\/2020\/09\/Erik-Bauman-e1599553660861.jpg\" alt=\"Erik Bauman, MMTPeru\" height=\"2643\" width=\"2643\" title=\"Erik Bauman\" onerror=\"this.style.display='none'\" src=\"data:image\/svg+xml;base64,PHN2ZyB3aWR0aD0iMSIgaGVpZ2h0PSIxIiB4bWxucz0iaHR0cDovL3d3dy53My5vcmcvMjAwMC9zdmciPjwvc3ZnPg==\" class=\"lazyload\" style=\"--smush-placeholder-width: 2643px; --smush-placeholder-aspect-ratio: 2643\/2643;\" \/>\n\t<\/figure>\n<h3>\n\t\t\tEditor de Producci\u00f3n\t<\/h3>\n\t<strong>Erik Baumann, MMT<\/strong><br \/>\n<strong>Pr\u00e1ctica privada, Lima, Per\u00fa<\/strong>\nErik Baumann MMT, Lima Per\u00fa, licenciado en Psicolog\u00eda Cl\u00ednica y M\u00e1ster por la Universitat de Barcelona. Trabaj\u00f3 en el Louis Armstrong Center for Music and Medicine de Nueva York con Cuidados Paliativos, Oncolog\u00eda y Pediatr\u00eda, en calidad de Interno y posteriormente Becario Internacional de Investigaci\u00f3n. Es miembro de la Junta Directiva de la Asociaci\u00f3n Internacional de M\u00fasica y Medicina, as\u00ed como Editor de Producci\u00f3n de la Revista \"M\u00fasica y Medicina\" (IAMM). Es un escritor publicado y ha presentado su trabajo en Espa\u00f1a, Suecia, Nueva York y varias ciudades de Per\u00fa, y como ponente invitado en el Congreso de la IAMM en China y Barcelona. Actualmente trabaja en su consulta privada, al tiempo que crea, con un grupo de colegas, conciencia de musicoterapia, conferencias, talleres, y promueve la musicoterapia en los medios de comunicaci\u00f3n, entre otros.\n\t<hr \/>\n<p>&nbsp;<\/p>\n<figure itemscope itemtype=\"https:\/\/schema.org\/ImageObject\">\n\t\t\t\t<img decoding=\"async\" data-src=\"https:\/\/iammonline.com\/wp-content\/uploads\/2020\/09\/IMG_5393-e1599730130192.jpg\" alt=\"IMG_5393\" height=\"1005\" width=\"1005\" title=\"IMG_5393\" onerror=\"this.style.display='none'\" src=\"data:image\/svg+xml;base64,PHN2ZyB3aWR0aD0iMSIgaGVpZ2h0PSIxIiB4bWxucz0iaHR0cDovL3d3dy53My5vcmcvMjAwMC9zdmciPjwvc3ZnPg==\" class=\"lazyload\" style=\"--smush-placeholder-width: 1005px; --smush-placeholder-aspect-ratio: 1005\/1005;\" \/>\n\t<\/figure>\n<h3>\n\t\t\tEditor de Res\u00famenes Internacionales\t<\/h3>\n\t<strong>Bernardo Canga, MMT<\/strong><br \/>\n<strong>Eastern Virginia Medical School, Norfolk, EE.UU.<\/strong>\nBernardo Canga, MMT es Musicoterapeuta Especialista en Cuidados Intensivos y Profesor de la Comunidad en la Divisi\u00f3n de Salud Global de la Facultad de Medicina de Eastern Virginia, Norfolk. Tiene un m\u00e1ster en musicoterapia por la Universidad Pontificia de Salamanca, Espa\u00f1a, y una beca de musicoterapia cl\u00ednica en Mount Sinai Beth Israel, Estados Unidos. Autor de publicaciones en revistas m\u00e9dicas y de musicoterapia, ofrece conferencias regularmente en simposios nacionales e internacionales. Tiene un fuerte enfoque profesional en la Salud Internacional. Como educador m\u00e9dico para M\u00e9dicos por la Paz, implement\u00f3 la formaci\u00f3n en musicoterapia y atenci\u00f3n pedi\u00e1trica para ni\u00f1os y ni\u00f1as con quemaduras en sus centros internacionales.  Sus intereses de investigaci\u00f3n son actualmente las intervenciones terap\u00e9uticas en salud mental con poblaciones desplazadas por la fuerza.\n\t<hr \/>\n<p>&nbsp;<\/p>\n\t<h2 align=\"center\"><strong>Consejo de Redacci\u00f3n<\/strong><\/h2>\n<a>Joanne V. Loewy<\/a>, DA, MT-BC , LCAT, The Louis Armstrong Center for Music &amp; Medicine, Mount Sinai Beth Israel Medical Center, Estados Unidos\n<a>Ralph KW Spintge<\/a>Dr., Instituto de Musicoterapia, Universidad de M\u00fasica y Arte Dram\u00e1tico de Hamburgo, Instituto de Investigaci\u00f3n Musical IMUR Luedenscheid, Heidelberg, Alemania\n<a>Trygve Aasgaard<\/a>Doctorado, Academia Noruega de M\u00fasica y Colegio Universitario de Oslo, Noruega\n<a>Sivaprakash Balasundaram<\/a>Doctor en Psiquiatr\u00eda, Colegio M\u00e9dico e Instituto de Investigaci\u00f3n Mahatma Gandhi, India\n<a>Eckart Altenm\u00fcller<\/a>Doctor en Medicina, Universidad de M\u00fasica, Arte Dram\u00e1tico y Medios de Comunicaci\u00f3n Instituto de Fisiolog\u00eda Musical y Medicina de los M\u00fasicos de Hannover, Alemania\n<a>Erik Baumann<\/a>, MMT, Pr\u00e1ctica Privada, Per\u00fa\n<a>Bussakorn Binson<\/a>Doctorado, Universidad de Chulalongkorn, Bangkok, Tailandia\n<a>Elsa Anne Campbell<\/a>, Doctorado, MT, Universidad de Jyv\u00e4skyl\u00e4, Finlandia\n<a>Broma Bradt<\/a>, PhD, MT-BC, Drexel University, Estados Unidos\n<a>Xi Jing Chen<\/a>, Doctorado, Academia China de Ciencias, China\n<a>Hyun Ju Chong<\/a>, PhD, MT-BC, Ewha Womans University, Corea, Rep\u00fablica de\n<a>John Peter Chong<\/a>, MD, Director M\u00e9dico, Musicians' Clinics of Canada, Hamilton, Ontario, Canad\u00e1\n<a>Andrew Coiro<\/a>, Doctor, Conservatoria Luisa D'Annuzio di Pescara, Italia\n<a>Mark Ettenberger<\/a>, PhD, MT, Departamento de Musicoterapia, Universidad Nacional de Colombia, Colombia\n<a>Isabel Fern\u00e1ndez Carvajal<\/a>, MD, Universidad de Valladolid, Instituto de Biolog\u00eda y Gen\u00e9tica Molecular (IBGM), Espa\u00f1a\n<a>Sunelle Fouch\u00e9<\/a>, MA, Cl\u00ednica Comunitaria de Musicoterapia \u00c1rea de Ciudad del Cabo, Sud\u00e1frica\n<a>Tian Gao<\/a>, MMT, Conservatorio Central de M\u00fasica, Pek\u00edn, China\n<a>Jennifer Grau-S\u00e1nchez<\/a>Doctorado en Terapia Ocupacional, Escuela de Enfermer\u00eda y Terapia Ocupacional de Terrassa, Universidad Aut\u00f3noma de Barcelona, Instituto de Investigaci\u00f3n Biom\u00e9dica de Bellvitge, Espa\u00f1a.\n<a>St\u00e9phane Gu\u00e9tin<\/a>MD, Departamento de Neurolog\u00eda, Centre M\u00e9moire de Ressources Recherches (CMRR), Hospital Universitario de Montpellier, Montpellier, Francia\n<a>Friederike Haslbeck<\/a>, PhD, DMtG, SFMT, Neonatolog\u00eda, Universitats Spital Zurich, Suiza\n<a>Annie Heiderscheit<\/a>, PhD, MT-BC, LMFT Directora de Musicoterapia Augsburg College Minneapolis, MN, Estados Unidos\n<a>Artur Jaschke<\/a>Doctorado, Musicoterapia y Cog Neuro M\u00fasica, ArtEZ Uni, Neonatolog\u00eda, Uni Med Ctre Groningen, Neuropsicolog\u00eda Cl\u00ednica, VU Uni, Holanda\n<a>Karen Johnston<\/a>MD, Neurocirug\u00eda, Toronto, Canad\u00e1\n<a>Pornpan Kaenampornpan<\/a>Doctorado, Facultad de Bellas Artes y Artes Aplicadas, Universidad de Khon Kaen, Tailandia\n<a>Aksana Kavaliova<\/a>, MMUS, Pr\u00e1ctica privada, Niagara on the Lake, Ontario Canad\u00e1, Bahrain\n<a>Soneto L'Abbe<\/a>Doctorado, Universidad de la Isla de Vancouver, Nanaimo, Columbia Brit\u00e1nica, Canad\u00e1\n<a>Klaus-Felix Laczika<\/a>, MD, Universidad M\u00e9dica de Viena Departamento de Medicina Interna I, Austria\n<a>ChihChen Sophia Lee<\/a>, PhD, MT-BC, Profesor, Director de Musicoterapia, Southwestern Oklahoma State University, Estados Unidos\n<a>Teresa Lynn Lesiuk<\/a>, Doctorado, Universidad de Miami, Estados Unidos\n<a>Frances Hendri\u00ebhetta Le Roux<\/a>, MSc, PhD, Pr\u00e1ctica privada, Fish Hoek, Sud\u00e1frica\n<a>Pranee Liamputtong<\/a>Doctorado, Escuela de Psicolog\u00eda y Salud P\u00fablica, Universidad de La Trobe, Australia\n<a>Marcela Lichtensztejn<\/a>, MA, MT-BC, APEM | Vanguardia en Artes Aplicadas, Ciencia y Salud, Argentina\n<a>Charles Limb<\/a>, MD, Otolaryngology: Head &amp; Neck &amp; Otology, Neurotolgy &amp; Skull Base Surg, Univ of Calif San Fran, United States\n<a>Yi-Ying Lin<\/a>Doctorado, Hospital de la Universidad M\u00e9dica de Taipei, Taiw\u00e1n, Provincia de China\n<a>Hilary Moss<\/a>, Doctorado, Universidad de Limerick, Irlanda\n<a>Yee Sien Ng<\/a>, MD, Singapore General Hospital, SingHealth Duke-NUS Graduate Medical School, Singapur\n<a>Ulrica Nilsson<\/a>, ARN, Doctorado, Facultad de Ciencias M\u00e9dicas y de la Salud, Universidad de \u00d6rebro, Suecia\n<a>Monika N\u00f6cker-Ribaupierre<\/a>Doctor en Filosof\u00eda, ex director del Freies Musikzentrum M\u00fcnchen, Alemania\n<a>Paul Nolan<\/a>, MMT, Drexel University, Filadelfia, PA, Estados Unidos\n<a>Hanne Mette Ochsner Ridder<\/a>Doctorado, Departamento de Comunicaci\u00f3n y Psicolog\u00eda, Universidad de Aalborg, Dinamarca\n<a>Kana Okazaki-Sakaue<\/a>Doctorado, Profesor Asociado Escuela de Desarrollo Humano y Medio Ambiente Universidad de Kobe, Jap\u00f3n\n<a>Aiko Onuma<\/a>, MT-BC, Kakehashi Music, Boston, Mass, Estados Unidos\n<a>Phillip L. Pearl<\/a>, MD, Escuela de Medicina de Harvard, Estados Unidos\n<a>Isabelle Peretz<\/a>, Doctorado, Universidad de Montreal, Quebec, Canad\u00e1\n<a>Alexia Ratazzi<\/a>, MD, Psiquiatr\u00eda Infantil y Adolescente, PANACEAA, Argentina\n<a>Antoni Rodr\u00edguez-Fornells<\/a>, PhD, Cog &amp; Brain Plasticity Unit ICREA &amp; Dept.Psych (Bellvitge) &amp; IDIBELL Universidad de Barcelona L'Hospitalet, Espa\u00f1a\n<a>Andrew Rossetti<\/a>PhD Cand MMT, MT-BC, LCAT, The Louis Armstrong Center for Music &amp; Medicine, Mount Sinai Healthcare System, Estados Unidos\n<a>David I Sahar<\/a>MD, FACC, FAHA, Colegio de M\u00e9dicos y Cirujanos de la Universidad de Columbia, Estados Unidos\n<a>Teppo S\u00e4rk\u00e4m\u00f6<\/a>, Doctorado, M\u00e1ster, Universidad de Helsinki, Finlandia\n<a>Joseph Schlesinger<\/a>, MD, Vanderbilt University Hospital, Estados Unidos\n<a>Fred Schwartz<\/a>MD, Piedmont Hospital Atlanta, Georgia, Estados Unidos\n<a>Helen Shoemark<\/a>, Doctorado, Universidad de Temple, Estados Unidos\n<a>Amanda Soebadi<\/a>MD, Divisi\u00f3n de Neurolog\u00eda Infantil, Departamento de Salud Infantil, Facultad de Medicina de la Universidad de Indonesia, Hospital Cipto Mangunkusumo, Yakarta, Indonesia\n<a>Thomas Stegemann<\/a>, MD, MT, Universidad de M\u00fasica y Artes Esc\u00e9nicas, Viena, Austria\n<a>Sumathy Sundar<\/a>, Doctorado, Escuela de Musicoterapia de Chennai, India\n<a>Patsy Tan<\/a>, PhD, Hospital Real de Adelaida, Australia\n<a>Julian Thayer<\/a>, PhD, Departamento de Psicolog\u00eda, Universidad Estatal de Ohio, Ohio, Estados Unidos\n<a>Hans-Joachim Trappe<\/a>MD, Departamento de Cardiolog\u00eda y Angiolog\u00eda, Alemania\n<a>Alan Turry<\/a>, DA, MT-BC, LCAT Nordoff Robbins Center for Music Therapy, New York University, Estados Unidos\n<a>Patravoot Vatanasapt<\/a>Doctor en Medicina, Facultad de Medicina, Universidad de Khon Kaen, Tailandia\n<a>Juri Yun<\/a>, MT-DMtg, KCMT, Ewha Music Wellness Center, Corea, Rep\u00fablica de\n<a>Ga Eul Yoo<\/a>Universidad Ewha Womans, Se\u00fal, Corea, Rep\u00fablica de\n<a>Barbara L Wheeler<\/a>, PhD, MT-BC, Profesor Em\u00e9rito, Montclair State University, Upper Montclair, New Jersey, Estados Unidos\n<a>Liza Wu<\/a>, MA, MT-BC, LCAT, NMT, Musicoterapeuta, NYU Langone Orthopedic Hospital","protected":false},"excerpt":{"rendered":"<p>Editorial Team Co-Editor-in-Chief Ralph Spintge, MD Institute for Music Therapy, University for Music and Drama, Hamburg, Germany Ralph Spintge MD, Dr.med., is Director of the Institute for Medical Music Research IMUR, Luedenscheid Germany, lifetime Professor for MusicMedicine at University for Music and Drama; Adjunct Professor em. at Institute for Music [&hellip;]<\/p>\n","protected":false},"author":1,"featured_media":0,"parent":0,"menu_order":0,"comment_status":"closed","ping_status":"closed","template":"page-templates\/template-pagebuilder-full-width.php","meta":{"_bbp_topic_count":0,"_bbp_reply_count":0,"_bbp_total_topic_count":0,"_bbp_total_reply_count":0,"_bbp_voice_count":0,"_bbp_anonymous_reply_count":0,"_bbp_topic_count_hidden":0,"_bbp_reply_count_hidden":0,"_bbp_forum_subforum_count":0,"om_disable_all_campaigns":false,"_monsterinsights_skip_tracking":false,"_monsterinsights_sitenote_active":false,"_monsterinsights_sitenote_note":"","_monsterinsights_sitenote_category":0,"advanced_seo_description":"","jetpack_seo_html_title":"","jetpack_seo_noindex":false,"_price":"","_stock":"","_tribe_ticket_header":"","_tribe_default_ticket_provider":"","_tribe_ticket_capacity":"0","_ticket_start_date":"","_ticket_end_date":"","_tribe_ticket_show_description":"","_tribe_ticket_show_not_going":false,"_tribe_ticket_use_global_stock":"","_tribe_ticket_global_stock_level":"","_global_stock_mode":"","_global_stock_cap":"","_tribe_rsvp_for_event":"","_tribe_ticket_going_count":"","_tribe_ticket_not_going_count":"","_tribe_tickets_list":"[]","_tribe_ticket_has_attendee_info_fields":false,"jetpack_post_was_ever_published":false,"footnotes":"","_tec_slr_enabled":"","_tec_slr_layout":""},"class_list":["post-58","page","type-page","status-publish","hentry"],"jetpack_sharing_enabled":true,"jetpack_shortlink":"https:\/\/wp.me\/Pa8LTR-W","jetpack-related-posts":[{"id":6640,"url":"https:\/\/iammonline.com\/es\/iamm2022library\/joanne-loewy\/","url_meta":{"origin":58,"position":0},"title":"Integraci\u00f3n de los mecanismos de la m\u00fasica y la musicoterapia en la medicina","author":"IAMM Admin","date":"mayo 17, 2022","format":false,"excerpt":"Preview modal- Joanne Loewy DA, LCAT, MT-BC Joanne Loewy DA, LCAT, MT-BC is an author, researcher, international speaker and founding director of the Department of Music Therapy, which she initiated at Mount Sinai Beth Israel in NYC in 1994. In 2005, she initiated the Louis Armstrong Center for Music and\u2026","rel":"","context":"Entrada similar ","block_context":{"text":"Entrada similar ","link":""},"img":{"alt_text":"","src":"","width":0,"height":0},"classes":[]},{"id":4186,"url":"https:\/\/iammonline.com\/es\/iamm2022\/","url_meta":{"origin":58,"position":1},"title":"IAMM2022","author":"IAMM Admin","date":"mayo 7, 2021","format":false,"excerpt":"7th International Conference of the IAMM in Athens, Greece, and online Photo by Patrick on Unsplash The 7th International Conference of the IAMM was held May 28 - 29, 2022 in Athens, Greece. Meetings and presentations from Greek and international invited speakers took place in person and through live streaming\u2026","rel":"","context":"Entrada similar ","block_context":{"text":"Entrada similar ","link":""},"img":{"alt_text":"","src":"https:\/\/i0.wp.com\/iammonline.com\/wp-content\/uploads\/2022\/05\/Evangelia.jpeg?resize=350%2C200&ssl=1","width":350,"height":200,"srcset":"https:\/\/i0.wp.com\/iammonline.com\/wp-content\/uploads\/2022\/05\/Evangelia.jpeg?resize=350%2C200&ssl=1 1x, https:\/\/i0.wp.com\/iammonline.com\/wp-content\/uploads\/2022\/05\/Evangelia.jpeg?resize=525%2C300&ssl=1 1.5x"},"classes":[]},{"id":4667,"url":"https:\/\/iammonline.com\/es\/history\/","url_meta":{"origin":58,"position":2},"title":"Historia de la IAMM","author":"IAMM Admin","date":"julio 27, 2021","format":false,"excerpt":"Historia de la IAMM La Asociaci\u00f3n Internacional de M\u00fasica y Medicina es una organizaci\u00f3n sin fines de lucro registrada que se constituy\u00f3 en 2009 con el fin de fomentar y apoyar el uso de la m\u00fasica en contextos m\u00e9dicos, incluida la investigaci\u00f3n sobre los beneficios de la m\u00fasica y sus aplicaciones especializadas en la atenci\u00f3n sanitaria. Nuestra misi\u00f3n global es apoyar el desarrollo...","rel":"","context":"Entrada similar ","block_context":{"text":"Entrada similar ","link":""},"img":{"alt_text":"","src":"https:\/\/i0.wp.com\/iammonline.com\/wp-content\/uploads\/2021\/11\/iamm-inaugural-conf-2009-Ireland-1024x681.jpeg?resize=350%2C200&ssl=1","width":350,"height":200,"srcset":"https:\/\/i0.wp.com\/iammonline.com\/wp-content\/uploads\/2021\/11\/iamm-inaugural-conf-2009-Ireland-1024x681.jpeg?resize=350%2C200&ssl=1 1x, https:\/\/i0.wp.com\/iammonline.com\/wp-content\/uploads\/2021\/11\/iamm-inaugural-conf-2009-Ireland-1024x681.jpeg?resize=525%2C300&ssl=1 1.5x, https:\/\/i0.wp.com\/iammonline.com\/wp-content\/uploads\/2021\/11\/iamm-inaugural-conf-2009-Ireland-1024x681.jpeg?resize=700%2C400&ssl=1 2x"},"classes":[]},{"id":2702,"url":"https:\/\/iammonline.com\/es\/upcoming-journal-music-and-medicine-july-2020\/","url_meta":{"origin":58,"position":3},"title":"Upcoming Journal: Music and Medicine July 2020","author":"Samuel Gracida","date":"julio 19, 2020","format":false,"excerpt":"Editorial \u201cI Can\u2018t Breathe\u201d: Listening to the Sounds of Converging Messages and Considering Their Relevance to Music and Medicine Joanne Loewy & Ralph Spintge Full Length Articles Preventing Music Performance Anxiety (MPA): Music Students Judge Combined Depth Relaxation Music Therapy (DRMT) and Silence to be an Effective Methodology Eric Pfeifer,\u2026","rel":"","context":"Entrada similar ","block_context":{"text":"Entrada similar ","link":""},"img":{"alt_text":"","src":"","width":0,"height":0},"classes":[]},{"id":5463,"url":"https:\/\/iammonline.com\/es\/iamm2016\/","url_meta":{"origin":58,"position":4},"title":"IAMM2016","author":"IAMM Admin","date":"enero 4, 2022","format":false,"excerpt":"The 4th World Conference of the International Association for Music & Medicine in Beijing, China, June, 11-15th, 2016 Music therapists, medical doctors, researchers, nurses, musicians and students from all over the world attended the 4th World Conference of the International Association for Music and Medicine Conference in Beijing, China. It\u2026","rel":"","context":"Entrada similar ","block_context":{"text":"Entrada similar ","link":""},"img":{"alt_text":"","src":"https:\/\/i0.wp.com\/iammonline.com\/wp-content\/uploads\/2022\/01\/Barbara-Wheeler.jpg?resize=350%2C200&ssl=1","width":350,"height":200,"srcset":"https:\/\/i0.wp.com\/iammonline.com\/wp-content\/uploads\/2022\/01\/Barbara-Wheeler.jpg?resize=350%2C200&ssl=1 1x, https:\/\/i0.wp.com\/iammonline.com\/wp-content\/uploads\/2022\/01\/Barbara-Wheeler.jpg?resize=525%2C300&ssl=1 1.5x, https:\/\/i0.wp.com\/iammonline.com\/wp-content\/uploads\/2022\/01\/Barbara-Wheeler.jpg?resize=700%2C400&ssl=1 2x"},"classes":[]},{"id":6647,"url":"https:\/\/iammonline.com\/es\/iamm2022library\/biology-psychoanalysis-music\/","url_meta":{"origin":58,"position":5},"title":"Biology &#038; Psychoanalysis on Music","author":"IAMM Admin","date":"mayo 17, 2022","format":false,"excerpt":"Chairs: Dr Dimitris Kyriazis and Dr Athanasios Dritsas Participants: Prof. Christodoulos Flordellis, Eleni Philippachi PhD, Prof. Yannis Stavrakakis\u00a0 In his presentation, Prof. Flordellis will describe the radical plasticity of the brain: its ability to change with experience at the synaptic, chromatin, neuronal circuit, and whole-brain levels. And he will refer\u2026","rel":"","context":"Entrada similar ","block_context":{"text":"Entrada similar ","link":""},"img":{"alt_text":"Artboard 1 copy 34","src":"https:\/\/i0.wp.com\/iammonline.com\/wp-content\/uploads\/2022\/05\/Artboard-1-copy-34.png?resize=350%2C200&ssl=1","width":350,"height":200,"srcset":"https:\/\/i0.wp.com\/iammonline.com\/wp-content\/uploads\/2022\/05\/Artboard-1-copy-34.png?resize=350%2C200&ssl=1 1x, https:\/\/i0.wp.com\/iammonline.com\/wp-content\/uploads\/2022\/05\/Artboard-1-copy-34.png?resize=525%2C300&ssl=1 1.5x, https:\/\/i0.wp.com\/iammonline.com\/wp-content\/uploads\/2022\/05\/Artboard-1-copy-34.png?resize=700%2C400&ssl=1 2x, https:\/\/i0.wp.com\/iammonline.com\/wp-content\/uploads\/2022\/05\/Artboard-1-copy-34.png?resize=1050%2C600&ssl=1 3x"},"classes":[]}],"ticketed":false,"_links":{"self":[{"href":"https:\/\/iammonline.com\/es\/wp-json\/wp\/v2\/pages\/58","targetHints":{"allow":["GET"]}}],"collection":[{"href":"https:\/\/iammonline.com\/es\/wp-json\/wp\/v2\/pages"}],"about":[{"href":"https:\/\/iammonline.com\/es\/wp-json\/wp\/v2\/types\/page"}],"author":[{"embeddable":true,"href":"https:\/\/iammonline.com\/es\/wp-json\/wp\/v2\/users\/1"}],"replies":[{"embeddable":true,"href":"https:\/\/iammonline.com\/es\/wp-json\/wp\/v2\/comments?post=58"}],"version-history":[{"count":34,"href":"https:\/\/iammonline.com\/es\/wp-json\/wp\/v2\/pages\/58\/revisions"}],"predecessor-version":[{"id":13427,"href":"https:\/\/iammonline.com\/es\/wp-json\/wp\/v2\/pages\/58\/revisions\/13427"}],"wp:attachment":[{"href":"https:\/\/iammonline.com\/es\/wp-json\/wp\/v2\/media?parent=58"}],"curies":[{"name":"wp","href":"https:\/\/api.w.org\/{rel}","templated":true}]}}