{"id":43,"date":"2018-08-02T03:36:16","date_gmt":"2018-08-02T03:36:16","guid":{"rendered":"https:\/\/iammonline.com\/?page_id=43"},"modified":"2024-03-21T08:47:16","modified_gmt":"2024-03-21T08:47:16","slug":"mmd-journal","status":"publish","type":"page","link":"https:\/\/iammonline.com\/es\/mmd-journal\/","title":{"rendered":"Revista MMD"},"content":{"rendered":"<h1>\n\t\tM\u00fasica y Medicina - Revista oficial de la IAMM\n\t<\/h1>\n\t\t\t\t<img decoding=\"async\" data-src=\"https:\/\/iammonline.com\/wp-content\/uploads\/2024\/03\/MMD-2024-cover.png\" alt=\"MMD 2024 cover\" itemprop=\"image\" height=\"1286\" width=\"990\" title=\"Cubierta MMD 2024\" onerror=\"this.style.display='none'\" src=\"data:image\/svg+xml;base64,PHN2ZyB3aWR0aD0iMSIgaGVpZ2h0PSIxIiB4bWxucz0iaHR0cDovL3d3dy53My5vcmcvMjAwMC9zdmciPjwvc3ZnPg==\" class=\"lazyload\" style=\"--smush-placeholder-width: 990px; --smush-placeholder-aspect-ratio: 990\/1286;\" \/>\n\t<em>Music and Medicine<\/em>\u00a0es una revista interdisciplinar que sirve de foro integrador para la pr\u00e1ctica cl\u00ednica y la investigaci\u00f3n relacionadas con las intervenciones musicales y las aplicaciones de estrategias musicales cl\u00ednicas en medicina.\nCada n\u00famero revisado por pares ofrece art\u00edculos originales, estudios de casos, comentarios editoriales y entrevistas de medicina cl\u00ednica, neurociencias, ciencias del comportamiento, enfermer\u00eda y trabajo social que traducen la investigaci\u00f3n de la m\u00fasica, la psicolog\u00eda musical, la cognici\u00f3n musical, la neurolog\u00eda musical y la musicoterapia en aplicaciones cl\u00ednicas cient\u00edficamente v\u00e1lidas.\nEl objetivo de <em>Music and Medicine<\/em> es reunir en un s\u00f3lo lugar la informaci\u00f3n de diferentes disciplinas que actualmente est\u00e1 dispersa en diferentes medios y plataformas. As\u00ed pues, facilitamos y garantizamos el acceso al contenido interdisciplinario de calidad y de inter\u00e9s, para los y las lectoras.\n<p><strong><a href=\"http:\/\/mmd.iammonline.com\">mmd.iammonline.com<\/a><\/strong><\/p>\n<p><a href=\"https:\/\/iammonline.com\/es\/join-us\/\">Conozca al equipo que est\u00e1 detr\u00e1s de <em>Music and Medicine.<\/em><\/a><\/p>\n<h2>\n\t\tTemas y Enfoques de la Revista\u00a0\n\t<\/h2>\n\t<b>Entre los temas tratados en la revista:<br \/>\n<\/b>\n- Analgesia y sedaci\u00f3n musical<br \/>\n- Enfoques en m\u00fasica y cerebro<br \/>\n- Atenci\u00f3n al c\u00e1ncer: Enfoques musicales activos y receptivos<br \/>\n- Cardiolog\u00eda y Ritmo<br \/>\n- Improvisaci\u00f3n cl\u00ednica en la salud y la enfermedad<br \/>\n- Demencia, accidente cerebrovascular y memoria musical<br \/>\n- M\u00fasica ambiental de la UCI<br \/>\n- Estimulaci\u00f3n infantil<br \/>\n- Medicina musical integradora<br \/>\n- Condiciones m\u00e9dicas y tratamiento de los m\u00fasicos<br \/>\n- Etnomusicolog\u00eda m\u00e9dica<br \/>\n- Psicoterapia musical m\u00e9dica<br \/>\n- Trastornos del estado de \u00e1nimo y psicolog\u00eda musical<br \/>\n- M\u00fasica y cultura en la medicina<br \/>\n- M\u00fasica Salud y Bienestar<br \/>\n- La m\u00fasica en la transici\u00f3n: De la UCIN al final de la vida<br \/>\n- La m\u00fasica en la cirug\u00eda: Del preoperatorio al postoperatorio<br \/>\n- La m\u00fasica en la respuesta traum\u00e1tica y las lesiones<br \/>\n- Enfoques neurol\u00f3gicos de la m\u00fasica<br \/>\n- Estrategias de m\u00fasica m\u00e9dica para el dolor y los cuidados paliativos<br \/>\n- Intervenciones musicales psicosociales<br \/>\n- Avances de la m\u00fasica respiratoria: Asma, FQ, EPOC<br \/>\n- Canci\u00f3n, sonido y resonancia en la medicina mente-cuerpo<br \/>\n- Respuesta al estr\u00e9s y relajaci\u00f3n musical<br \/>\n- La vibraci\u00f3n y la tonificaci\u00f3n en medicina\n<p><b>La revista tambi\u00e9n incluye\u00a0<\/b><\/p>\n- Art\u00edculos que hacen hincapi\u00e9 en las implicaciones culturales de la m\u00fasica en la medicina, y art\u00edculos que analizan c\u00f3mo construir y desarrollar programas eficaces<br \/>\n- Documentos de opini\u00f3n personal<br \/>\n- Revisiones de temas y pr\u00e1cticas controvertidas (por ejemplo, la musicoterapia cerebral o la curaci\u00f3n con m\u00fasica)\n<p>Como miembro de la IAMM, puede acceder a todos los n\u00fameros de esta revista, incluidos los n\u00fameros anteriores y los art\u00edculos, en <a href=\"http:\/\/mmd.iammonline.com\">mmd.iammonline.com.<\/a><\/p>\n<h3>\n\t\tH\u00e1gase miembro de la IAMM para acceder a la revista Music &amp; Medicine Journal\n\t<\/h3>\n\t\t\t<a href=\"https:\/\/iammonline.com\/es\/join-us\/\" target=\"_self\" rel=\"noopener\">\n\t\t\t\t\t\t\tHAZTE SOCIO\n\t\t\t\t\t<\/a>","protected":false},"excerpt":{"rendered":"<p>Music and Medicine &#8211; The Official Journal of the IAMM Music and Medicine\u00a0is an interdisciplinary journal that serves as an integrative forum for clinical practice and research related to music interventions and applications of clinical music strategies in medicine. Each peer-reviewed issue offers original articles, case studies, editorial commentaries, and [&hellip;]<\/p>\n","protected":false},"author":1,"featured_media":0,"parent":0,"menu_order":0,"comment_status":"closed","ping_status":"open","template":"page-templates\/template-pagebuilder-full-width.php","meta":{"_bbp_topic_count":0,"_bbp_reply_count":0,"_bbp_total_topic_count":0,"_bbp_total_reply_count":0,"_bbp_voice_count":0,"_bbp_anonymous_reply_count":0,"_bbp_topic_count_hidden":0,"_bbp_reply_count_hidden":0,"_bbp_forum_subforum_count":0,"om_disable_all_campaigns":false,"_monsterinsights_skip_tracking":false,"_monsterinsights_sitenote_active":false,"_monsterinsights_sitenote_note":"","_monsterinsights_sitenote_category":0,"advanced_seo_description":"","jetpack_seo_html_title":"","jetpack_seo_noindex":false,"_price":"","_stock":"","_tribe_ticket_header":"","_tribe_default_ticket_provider":"","_tribe_ticket_capacity":"0","_ticket_start_date":"","_ticket_end_date":"","_tribe_ticket_show_description":"","_tribe_ticket_show_not_going":false,"_tribe_ticket_use_global_stock":"","_tribe_ticket_global_stock_level":"","_global_stock_mode":"","_global_stock_cap":"","_tribe_rsvp_for_event":"","_tribe_ticket_going_count":"","_tribe_ticket_not_going_count":"","_tribe_tickets_list":"[]","_tribe_ticket_has_attendee_info_fields":false,"jetpack_post_was_ever_published":false,"footnotes":"","_tec_slr_enabled":"","_tec_slr_layout":""},"class_list":["post-43","page","type-page","status-publish","hentry"],"jetpack_sharing_enabled":true,"jetpack_shortlink":"https:\/\/wp.me\/Pa8LTR-H","jetpack-related-posts":[{"id":4,"url":"https:\/\/iammonline.com\/es\/","url_meta":{"origin":43,"position":0},"title":"Inicio","author":"IAMM Admin","date":"agosto 2, 2018","format":false,"excerpt":"Bienvenido a la IAMM. La Asociaci\u00f3n Internacional de M\u00fasica y Medicina (IAMM) es una organizaci\u00f3n sin fines de lucro constituida en 2009 con el objetivo de promover y apoyar el uso de la m\u00fasica en contextos m\u00e9dicos, incluida la investigaci\u00f3n sobre los beneficios de la m\u00fasica y sus aplicaciones especializadas en el \u00e1mbito de la salud. \u00daNETE A LA IAMM LEE NUESTRO BLOG IAMM 2026 Internacional\u2026","rel":"","context":"Entrada similar ","block_context":{"text":"Entrada similar ","link":""},"img":{"alt_text":"","src":"https:\/\/i0.wp.com\/iammonline.com\/wp-content\/uploads\/2018\/08\/iammlogolarge.jpg?resize=350%2C200&ssl=1","width":350,"height":200,"srcset":"https:\/\/i0.wp.com\/iammonline.com\/wp-content\/uploads\/2018\/08\/iammlogolarge.jpg?resize=350%2C200&ssl=1 1x, https:\/\/i0.wp.com\/iammonline.com\/wp-content\/uploads\/2018\/08\/iammlogolarge.jpg?resize=525%2C300&ssl=1 1.5x, https:\/\/i0.wp.com\/iammonline.com\/wp-content\/uploads\/2018\/08\/iammlogolarge.jpg?resize=700%2C400&ssl=1 2x, https:\/\/i0.wp.com\/iammonline.com\/wp-content\/uploads\/2018\/08\/iammlogolarge.jpg?resize=1050%2C600&ssl=1 3x, https:\/\/i0.wp.com\/iammonline.com\/wp-content\/uploads\/2018\/08\/iammlogolarge.jpg?resize=1400%2C800&ssl=1 4x"},"classes":[]},{"id":4667,"url":"https:\/\/iammonline.com\/es\/history\/","url_meta":{"origin":43,"position":1},"title":"Historia de la IAMM","author":"IAMM Admin","date":"julio 27, 2021","format":false,"excerpt":"Historia de la IAMM La Asociaci\u00f3n Internacional de M\u00fasica y Medicina es una organizaci\u00f3n sin fines de lucro registrada que se constituy\u00f3 en 2009 con el fin de fomentar y apoyar el uso de la m\u00fasica en contextos m\u00e9dicos, incluida la investigaci\u00f3n sobre los beneficios de la m\u00fasica y sus aplicaciones especializadas en la atenci\u00f3n sanitaria. Nuestra misi\u00f3n global es apoyar el desarrollo...","rel":"","context":"Entrada similar ","block_context":{"text":"Entrada similar ","link":""},"img":{"alt_text":"","src":"https:\/\/i0.wp.com\/iammonline.com\/wp-content\/uploads\/2021\/11\/iamm-inaugural-conf-2009-Ireland-1024x681.jpeg?resize=350%2C200&ssl=1","width":350,"height":200,"srcset":"https:\/\/i0.wp.com\/iammonline.com\/wp-content\/uploads\/2021\/11\/iamm-inaugural-conf-2009-Ireland-1024x681.jpeg?resize=350%2C200&ssl=1 1x, https:\/\/i0.wp.com\/iammonline.com\/wp-content\/uploads\/2021\/11\/iamm-inaugural-conf-2009-Ireland-1024x681.jpeg?resize=525%2C300&ssl=1 1.5x, https:\/\/i0.wp.com\/iammonline.com\/wp-content\/uploads\/2021\/11\/iamm-inaugural-conf-2009-Ireland-1024x681.jpeg?resize=700%2C400&ssl=1 2x"},"classes":[]},{"id":6640,"url":"https:\/\/iammonline.com\/es\/iamm2022library\/joanne-loewy\/","url_meta":{"origin":43,"position":2},"title":"Integraci\u00f3n de los mecanismos de la m\u00fasica y la musicoterapia en la medicina","author":"IAMM Admin","date":"mayo 17, 2022","format":false,"excerpt":"Preview modal- Joanne Loewy DA, LCAT, MT-BC Joanne Loewy DA, LCAT, MT-BC is an author, researcher, international speaker and founding director of the Department of Music Therapy, which she initiated at Mount Sinai Beth Israel in NYC in 1994. In 2005, she initiated the Louis Armstrong Center for Music and\u2026","rel":"","context":"Entrada similar ","block_context":{"text":"Entrada similar ","link":""},"img":{"alt_text":"","src":"","width":0,"height":0},"classes":[]},{"id":52,"url":"https:\/\/iammonline.com\/es\/journal-submission\/","url_meta":{"origin":43,"position":3},"title":"Enviar un art\u00edculo","author":"IAMM Admin","date":"agosto 3, 2018","format":false,"excerpt":"Journal Submission Dear Subscribers, Potential Authors & Reviewers of 'Music & Medicine', 'Music & Medicine' is published by the International Association for Music & Medicine (IAMM). Our editorial team ensures dissemination of high level research and practice, with articles reflecting the standards, quality, and integrity of our mission. Each submission\u2026","rel":"","context":"Entrada similar ","block_context":{"text":"Entrada similar ","link":""},"img":{"alt_text":"","src":"","width":0,"height":0},"classes":[]},{"id":9053,"url":"https:\/\/iammonline.com\/es\/chronicpain\/","url_meta":{"origin":43,"position":4},"title":"Grupo de inter\u00e9s especial - Musicoterapia y dolor cr\u00f3nico","author":"IAMM Admin","date":"diciembre 29, 2023","format":false,"excerpt":"Special Interest Group Music Therapy and Chronic Pain This Special Interest Group (SIG) on the use of music and music therapy for chronic pain was established through International Association of Music Medicine in 2021. It was set up following discussions between Prof Hilary Moss and Dr Katie Fitzpatrick at the\u2026","rel":"","context":"Entrada similar ","block_context":{"text":"Entrada similar ","link":""},"img":{"alt_text":"","src":"https:\/\/i0.wp.com\/iammonline.com\/wp-content\/uploads\/2023\/08\/Prof-Dominic-Harmon.jpg?resize=350%2C200&ssl=1","width":350,"height":200},"classes":[]},{"id":3878,"url":"https:\/\/iammonline.com\/es\/musicmedicinechina\/","url_meta":{"origin":43,"position":5},"title":"En conversaci\u00f3n con: Xijing Chen, Mingming Liu y Qian Liu","author":"IAMM Admin","date":"marzo 23, 2021","format":false,"excerpt":"In Conversation With: Xijing Chen, Mingming Liu, and Qian Liu (\u4e2d\u6587\u7248\u672c\u8bf7\u5411\u4e0b\u6eda\u52a8) In this event, IAMM will be in conversation with Xijing Chen, Mingming Liu, and Qian Liu. As music therapists, educators, and researchers, Prof. Liu and Dr. Chen will engage with Dr. Qian Liu, a medical doctor, about the development\u2026","rel":"","context":"Entrada similar ","block_context":{"text":"Entrada similar ","link":""},"img":{"alt_text":"","src":"https:\/\/i0.wp.com\/iammonline.com\/wp-content\/uploads\/2021\/01\/IAMM2021-graphics-04.png?resize=350%2C200&ssl=1","width":350,"height":200,"srcset":"https:\/\/i0.wp.com\/iammonline.com\/wp-content\/uploads\/2021\/01\/IAMM2021-graphics-04.png?resize=350%2C200&ssl=1 1x, https:\/\/i0.wp.com\/iammonline.com\/wp-content\/uploads\/2021\/01\/IAMM2021-graphics-04.png?resize=525%2C300&ssl=1 1.5x, https:\/\/i0.wp.com\/iammonline.com\/wp-content\/uploads\/2021\/01\/IAMM2021-graphics-04.png?resize=700%2C400&ssl=1 2x, https:\/\/i0.wp.com\/iammonline.com\/wp-content\/uploads\/2021\/01\/IAMM2021-graphics-04.png?resize=1050%2C600&ssl=1 3x, https:\/\/i0.wp.com\/iammonline.com\/wp-content\/uploads\/2021\/01\/IAMM2021-graphics-04.png?resize=1400%2C800&ssl=1 4x"},"classes":[]}],"ticketed":false,"_links":{"self":[{"href":"https:\/\/iammonline.com\/es\/wp-json\/wp\/v2\/pages\/43","targetHints":{"allow":["GET"]}}],"collection":[{"href":"https:\/\/iammonline.com\/es\/wp-json\/wp\/v2\/pages"}],"about":[{"href":"https:\/\/iammonline.com\/es\/wp-json\/wp\/v2\/types\/page"}],"author":[{"embeddable":true,"href":"https:\/\/iammonline.com\/es\/wp-json\/wp\/v2\/users\/1"}],"replies":[{"embeddable":true,"href":"https:\/\/iammonline.com\/es\/wp-json\/wp\/v2\/comments?post=43"}],"version-history":[{"count":11,"href":"https:\/\/iammonline.com\/es\/wp-json\/wp\/v2\/pages\/43\/revisions"}],"predecessor-version":[{"id":10664,"href":"https:\/\/iammonline.com\/es\/wp-json\/wp\/v2\/pages\/43\/revisions\/10664"}],"wp:attachment":[{"href":"https:\/\/iammonline.com\/es\/wp-json\/wp\/v2\/media?parent=43"}],"curies":[{"name":"wp","href":"https:\/\/api.w.org\/{rel}","templated":true}]}}