{"id":3774,"date":"2021-02-23T14:59:52","date_gmt":"2021-02-23T14:59:52","guid":{"rendered":"https:\/\/iammonline.com\/?page_id=3774"},"modified":"2025-08-01T07:00:58","modified_gmt":"2025-08-01T07:00:58","slug":"about-us","status":"publish","type":"page","link":"https:\/\/iammonline.com\/es\/about-us\/","title":{"rendered":"Acerca de Nosotros"},"content":{"rendered":"<h1>\n\t\t\tAcerca de Nosotros\t<\/h1>\n<h2>\n\t\t\tLa Asociaci\u00f3n Internacional de M\u00fasica y Medicina\t<\/h2>\n\tLa asociaci\u00f3n internacional de m\u00fasica y medicina es una organizaci\u00f3n global que incentiva, fomenta y apoya el uso de la m\u00fasica en contextos m\u00e9dicos. Sin fines de lucro y creada en el a\u00f1o 2009, la IAMM impulsa la investigaci\u00f3n sobre los beneficios de la m\u00fasica y sus aplicaciones especializadas en la atenci\u00f3n de la salud o en el \u00e1rea de la salud.\n\t\t\t\t<img decoding=\"async\" data-src=\"https:\/\/iammonline.com\/wp-content\/uploads\/2018\/08\/iammlogolarge.jpg\" alt=\"Erika Saito MD, MA, Japan\" itemprop=\"image\" height=\"1002\" width=\"1920\" title=\"IAMMlogolarge\" onerror=\"this.style.display='none'\" src=\"data:image\/svg+xml;base64,PHN2ZyB3aWR0aD0iMSIgaGVpZ2h0PSIxIiB4bWxucz0iaHR0cDovL3d3dy53My5vcmcvMjAwMC9zdmciPjwvc3ZnPg==\" class=\"lazyload\" style=\"--smush-placeholder-width: 1920px; --smush-placeholder-aspect-ratio: 1920\/1002;\" \/>\n<h2>\n\t\t\tGobernanza\t<\/h2>\n<h3>\n\t\t\tEl Comit\u00e9 Ejecutivo\t<\/h3>\n\t\t\t\t<img decoding=\"async\" data-src=\"https:\/\/iammonline.com\/wp-content\/uploads\/2025\/04\/Rosetti-1.jpg\" alt=\"Rosetti\" itemprop=\"image\" height=\"2604\" width=\"2604\" title=\"Rosetti\" onerror=\"this.style.display='none'\" src=\"data:image\/svg+xml;base64,PHN2ZyB3aWR0aD0iMSIgaGVpZ2h0PSIxIiB4bWxucz0iaHR0cDovL3d3dy53My5vcmcvMjAwMC9zdmciPjwvc3ZnPg==\" class=\"lazyload\" style=\"--smush-placeholder-width: 2604px; --smush-placeholder-aspect-ratio: 2604\/2604;\" \/>\n\t<strong>Andrew Rossetti, PhD, LCAT, MT-BC<\/strong><br \/>\nPresidente\n\t\t\t\t<img decoding=\"async\" data-src=\"https:\/\/iammonline.com\/wp-content\/uploads\/2025\/04\/Mark-Ettenberger-Portrait.jpg\" alt=\"Mark Ettenberger Portrait\" itemprop=\"image\" height=\"2798\" width=\"2798\" title=\"Retrato de Mark Ettenberger\" onerror=\"this.style.display='none'\" src=\"data:image\/svg+xml;base64,PHN2ZyB3aWR0aD0iMSIgaGVpZ2h0PSIxIiB4bWxucz0iaHR0cDovL3d3dy53My5vcmcvMjAwMC9zdmciPjwvc3ZnPg==\" class=\"lazyload\" style=\"--smush-placeholder-width: 2798px; --smush-placeholder-aspect-ratio: 2798\/2798;\" \/>\n\t<strong>Mark Ettenberger, PhD, MA, MT<\/strong><br \/>\nVicepresidente\n\t\t\t\t<img decoding=\"async\" data-src=\"https:\/\/iammonline.com\/wp-content\/uploads\/2025\/04\/DIROMA-ANTONIO-MD-e1753706167422.jpeg\" alt=\"DIROMA ANTONIO, MD\" itemprop=\"image\" height=\"268\" width=\"268\" title=\"DIROMA ANTONIO, MD\" onerror=\"this.style.display='none'\" src=\"data:image\/svg+xml;base64,PHN2ZyB3aWR0aD0iMSIgaGVpZ2h0PSIxIiB4bWxucz0iaHR0cDovL3d3dy53My5vcmcvMjAwMC9zdmciPjwvc3ZnPg==\" class=\"lazyload\" style=\"--smush-placeholder-width: 268px; --smush-placeholder-aspect-ratio: 268\/268;\" \/>\n\t<strong>Dr. Antonio Diroma<\/strong><br \/>\nSecretario\n\t\t\t\t<img decoding=\"async\" data-src=\"https:\/\/iammonline.com\/wp-content\/uploads\/2024\/05\/jennifer-townsend_profile-Jennifer-Townsend.jpg\" alt=\"Screenshot\" itemprop=\"image\" height=\"741\" width=\"731\" title=\"Captura de pantalla\" onerror=\"this.style.display='none'\" src=\"data:image\/svg+xml;base64,PHN2ZyB3aWR0aD0iMSIgaGVpZ2h0PSIxIiB4bWxucz0iaHR0cDovL3d3dy53My5vcmcvMjAwMC9zdmciPjwvc3ZnPg==\" class=\"lazyload\" style=\"--smush-placeholder-width: 731px; --smush-placeholder-aspect-ratio: 731\/741;\" \/>\n\t<strong>Jennifer Townsend, MMT- MT-BC<\/strong><br \/>\nTesorero\n\tM\u00e1s informaci\u00f3n sobre el Comit\u00e9 Ejecutivo de la IAMM, as\u00ed como sobre la Junta Directiva y los miembros fundadores.\n\t\t\t<a href=\"https:\/\/iammonline.com\/es\/governance\/\" target=\"_self\">\n\t\t\t\t\t\t\tCONOCE M\u00c1S\n\t\t\t\t\t<\/a>\n\t\t\t\t<img decoding=\"async\" data-src=\"https:\/\/iammonline.com\/wp-content\/uploads\/2021\/02\/IMG-20180614-WA0007.jpg\" alt=\"IMG-20180614-WA0007\" itemprop=\"image\" height=\"1200\" width=\"1600\" title=\"IMG-20180614-WA0007\" onerror=\"this.style.display='none'\" src=\"data:image\/svg+xml;base64,PHN2ZyB3aWR0aD0iMSIgaGVpZ2h0PSIxIiB4bWxucz0iaHR0cDovL3d3dy53My5vcmcvMjAwMC9zdmciPjwvc3ZnPg==\" class=\"lazyload\" style=\"--smush-placeholder-width: 1600px; --smush-placeholder-aspect-ratio: 1600\/1200;\" \/>\n<h3>\n\t\t\tS\u00e9 miembro de la IAMM\t<\/h3>\n\tSer miembro de la IAMM ofrece excelentes oportunidades para conocer y aprender de m\u00e1s de 550 miembros de todo el mundo, as\u00ed como acceso a la revista <em>Music and Medicine<\/em>!\n\t\t\t<a href=\"https:\/\/iammonline.com\/es\/join-us\/\" target=\"_self\">\n\t\t\t\t\t\t\tCONOCE M\u00c1S\n\t\t\t\t\t<\/a>","protected":false},"excerpt":{"rendered":"<p>About Us The International Association for Music and Medicine The International Association for Music &amp; Medicine is a registered non-profit organisation formed in 2009 to encourage and support the use of music in medical contexts including research into the benefits of music, and its specialised applications in healthcare. Governance The [&hellip;]<\/p>\n","protected":false},"author":224,"featured_media":0,"parent":0,"menu_order":0,"comment_status":"closed","ping_status":"closed","template":"page-templates\/template-pagebuilder-full-width.php","meta":{"_bbp_topic_count":0,"_bbp_reply_count":0,"_bbp_total_topic_count":0,"_bbp_total_reply_count":0,"_bbp_voice_count":0,"_bbp_anonymous_reply_count":0,"_bbp_topic_count_hidden":0,"_bbp_reply_count_hidden":0,"_bbp_forum_subforum_count":0,"om_disable_all_campaigns":false,"_monsterinsights_skip_tracking":false,"_monsterinsights_sitenote_active":false,"_monsterinsights_sitenote_note":"","_monsterinsights_sitenote_category":0,"advanced_seo_description":"","jetpack_seo_html_title":"","jetpack_seo_noindex":false,"_price":"","_stock":"","_tribe_ticket_header":"","_tribe_default_ticket_provider":"","_tribe_ticket_capacity":"0","_ticket_start_date":"","_ticket_end_date":"","_tribe_ticket_show_description":"","_tribe_ticket_show_not_going":false,"_tribe_ticket_use_global_stock":"","_tribe_ticket_global_stock_level":"","_global_stock_mode":"","_global_stock_cap":"","_tribe_rsvp_for_event":"","_tribe_ticket_going_count":"","_tribe_ticket_not_going_count":"","_tribe_tickets_list":"[]","_tribe_ticket_has_attendee_info_fields":false,"footnotes":"","_tec_slr_enabled":"","_tec_slr_layout":""},"class_list":["post-3774","page","type-page","status-publish","hentry"],"jetpack_sharing_enabled":true,"jetpack_shortlink":"https:\/\/wp.me\/Pa8LTR-YS","jetpack-related-posts":[{"id":65,"url":"https:\/\/iammonline.com\/es\/join-us\/","url_meta":{"origin":3774,"position":0},"title":"Membres\u00eda","author":"IAMM Admin","date":"agosto 3, 2018","format":false,"excerpt":"\u00danase a la Revista Internacional de M\u00fasica y Medicina (IAMM) M\u00e1s de 580 miembros Conferencias de la IAMM \u00a1Nos complace que est\u00e9 interesado en unirse a la Asociaci\u00f3n Internacional de M\u00fasica y Medicina! La Asociaci\u00f3n Internacional de M\u00fasica y Medicina es una organizaci\u00f3n sin fines de lucro registrada, creada en 2009 para fomentar y apoyar el uso de la m\u00fasica en...","rel":"","context":"Entrada similar ","block_context":{"text":"Entrada similar ","link":""},"img":{"alt_text":"","src":"https:\/\/i0.wp.com\/iammonline.com\/wp-content\/uploads\/2021\/02\/IMG-20180614-WA0007-copy.jpg?resize=350%2C200&ssl=1","width":350,"height":200,"srcset":"https:\/\/i0.wp.com\/iammonline.com\/wp-content\/uploads\/2021\/02\/IMG-20180614-WA0007-copy.jpg?resize=350%2C200&ssl=1 1x, https:\/\/i0.wp.com\/iammonline.com\/wp-content\/uploads\/2021\/02\/IMG-20180614-WA0007-copy.jpg?resize=525%2C300&ssl=1 1.5x, https:\/\/i0.wp.com\/iammonline.com\/wp-content\/uploads\/2021\/02\/IMG-20180614-WA0007-copy.jpg?resize=700%2C400&ssl=1 2x, https:\/\/i0.wp.com\/iammonline.com\/wp-content\/uploads\/2021\/02\/IMG-20180614-WA0007-copy.jpg?resize=1050%2C600&ssl=1 3x"},"classes":[]},{"id":4,"url":"https:\/\/iammonline.com\/es\/","url_meta":{"origin":3774,"position":1},"title":"Inicio","author":"IAMM Admin","date":"agosto 2, 2018","format":false,"excerpt":"Bienvenido a la IAMM. La Asociaci\u00f3n Internacional de M\u00fasica y Medicina (IAMM) es una organizaci\u00f3n sin fines de lucro constituida en 2009 con el objetivo de promover y apoyar el uso de la m\u00fasica en contextos m\u00e9dicos, incluida la investigaci\u00f3n sobre los beneficios de la m\u00fasica y sus aplicaciones especializadas en el \u00e1mbito de la salud. \u00daNETE A LA IAMM LEE NUESTRO BLOG IAMM 2026 Internacional\u2026","rel":"","context":"Entrada similar ","block_context":{"text":"Entrada similar ","link":""},"img":{"alt_text":"","src":"https:\/\/i0.wp.com\/iammonline.com\/wp-content\/uploads\/2018\/08\/iammlogolarge.jpg?resize=350%2C200&ssl=1","width":350,"height":200,"srcset":"https:\/\/i0.wp.com\/iammonline.com\/wp-content\/uploads\/2018\/08\/iammlogolarge.jpg?resize=350%2C200&ssl=1 1x, https:\/\/i0.wp.com\/iammonline.com\/wp-content\/uploads\/2018\/08\/iammlogolarge.jpg?resize=525%2C300&ssl=1 1.5x, https:\/\/i0.wp.com\/iammonline.com\/wp-content\/uploads\/2018\/08\/iammlogolarge.jpg?resize=700%2C400&ssl=1 2x, https:\/\/i0.wp.com\/iammonline.com\/wp-content\/uploads\/2018\/08\/iammlogolarge.jpg?resize=1050%2C600&ssl=1 3x, https:\/\/i0.wp.com\/iammonline.com\/wp-content\/uploads\/2018\/08\/iammlogolarge.jpg?resize=1400%2C800&ssl=1 4x"},"classes":[]},{"id":9053,"url":"https:\/\/iammonline.com\/es\/chronicpain\/","url_meta":{"origin":3774,"position":2},"title":"Grupo de inter\u00e9s especial - Musicoterapia y dolor cr\u00f3nico","author":"IAMM Admin","date":"diciembre 29, 2023","format":false,"excerpt":"Special Interest Group Music Therapy and Chronic Pain This Special Interest Group (SIG) on the use of music and music therapy for chronic pain was established through International Association of Music Medicine in 2021. It was set up following discussions between Prof Hilary Moss and Dr Katie Fitzpatrick at the\u2026","rel":"","context":"Entrada similar ","block_context":{"text":"Entrada similar ","link":""},"img":{"alt_text":"","src":"https:\/\/i0.wp.com\/iammonline.com\/wp-content\/uploads\/2023\/08\/Prof-Dominic-Harmon.jpg?resize=350%2C200&ssl=1","width":350,"height":200},"classes":[]},{"id":6210,"url":"https:\/\/iammonline.com\/es\/iamm2014\/","url_meta":{"origin":3774,"position":3},"title":"IAMM2014","author":"Samuel Gracida","date":"marzo 30, 2022","format":false,"excerpt":"The 3rd World Conference of the International Association for Music & Medicine in Toronto, Canada, June, 24-27th, 2014 The theme of \"Music Medicine through the Lifespan\" addressed important issues related to music, health, and aging that are becoming increasingly important to society. The Canadian Association for Music Therapy (CAMT) met\u2026","rel":"","context":"Entrada similar ","block_context":{"text":"Entrada similar ","link":""},"img":{"alt_text":"IAMM_CONFERENCE_2014_POSTER[1]","src":"https:\/\/i0.wp.com\/iammonline.com\/wp-content\/uploads\/2022\/03\/IAMM_CONFERENCE_2014_POSTER1.jpg?resize=350%2C200&ssl=1","width":350,"height":200,"srcset":"https:\/\/i0.wp.com\/iammonline.com\/wp-content\/uploads\/2022\/03\/IAMM_CONFERENCE_2014_POSTER1.jpg?resize=350%2C200&ssl=1 1x, https:\/\/i0.wp.com\/iammonline.com\/wp-content\/uploads\/2022\/03\/IAMM_CONFERENCE_2014_POSTER1.jpg?resize=525%2C300&ssl=1 1.5x, https:\/\/i0.wp.com\/iammonline.com\/wp-content\/uploads\/2022\/03\/IAMM_CONFERENCE_2014_POSTER1.jpg?resize=700%2C400&ssl=1 2x, https:\/\/i0.wp.com\/iammonline.com\/wp-content\/uploads\/2022\/03\/IAMM_CONFERENCE_2014_POSTER1.jpg?resize=1050%2C600&ssl=1 3x, https:\/\/i0.wp.com\/iammonline.com\/wp-content\/uploads\/2022\/03\/IAMM_CONFERENCE_2014_POSTER1.jpg?resize=1400%2C800&ssl=1 4x"},"classes":[]},{"id":5463,"url":"https:\/\/iammonline.com\/es\/iamm2016\/","url_meta":{"origin":3774,"position":4},"title":"IAMM2016","author":"IAMM Admin","date":"enero 4, 2022","format":false,"excerpt":"The 4th World Conference of the International Association for Music & Medicine in Beijing, China, June, 11-15th, 2016 Music therapists, medical doctors, researchers, nurses, musicians and students from all over the world attended the 4th World Conference of the International Association for Music and Medicine Conference in Beijing, China. It\u2026","rel":"","context":"Entrada similar ","block_context":{"text":"Entrada similar ","link":""},"img":{"alt_text":"","src":"https:\/\/i0.wp.com\/iammonline.com\/wp-content\/uploads\/2022\/01\/Barbara-Wheeler.jpg?resize=350%2C200&ssl=1","width":350,"height":200,"srcset":"https:\/\/i0.wp.com\/iammonline.com\/wp-content\/uploads\/2022\/01\/Barbara-Wheeler.jpg?resize=350%2C200&ssl=1 1x, https:\/\/i0.wp.com\/iammonline.com\/wp-content\/uploads\/2022\/01\/Barbara-Wheeler.jpg?resize=525%2C300&ssl=1 1.5x, https:\/\/i0.wp.com\/iammonline.com\/wp-content\/uploads\/2022\/01\/Barbara-Wheeler.jpg?resize=700%2C400&ssl=1 2x"},"classes":[]},{"id":7912,"url":"https:\/\/iammonline.com\/es\/conferences\/","url_meta":{"origin":3774,"position":5},"title":"Conferencias de la IAMM","author":"IAMM Admin","date":"noviembre 7, 2022","format":false,"excerpt":"Conferencias de la IAMM La Asociaci\u00f3n Internacional de M\u00fasica y Medicina (IAMM) es una organizaci\u00f3n sin fines de lucro registrada que se constituy\u00f3 en 2009 con el fin de fomentar y apoyar el uso de la m\u00fasica en contextos m\u00e9dicos, incluida la investigaci\u00f3n sobre los beneficios de la m\u00fasica y sus aplicaciones especializadas en la atenci\u00f3n sanitaria. La IAMM es una comunidad global de profesionales multidisciplinarios...","rel":"","context":"Entrada similar ","block_context":{"text":"Entrada similar ","link":""},"img":{"alt_text":"Erika Saito MD, MA, Japan","src":"https:\/\/i0.wp.com\/iammonline.com\/wp-content\/uploads\/2018\/08\/iammlogolarge.jpg?resize=350%2C200&ssl=1","width":350,"height":200,"srcset":"https:\/\/i0.wp.com\/iammonline.com\/wp-content\/uploads\/2018\/08\/iammlogolarge.jpg?resize=350%2C200&ssl=1 1x, https:\/\/i0.wp.com\/iammonline.com\/wp-content\/uploads\/2018\/08\/iammlogolarge.jpg?resize=525%2C300&ssl=1 1.5x, https:\/\/i0.wp.com\/iammonline.com\/wp-content\/uploads\/2018\/08\/iammlogolarge.jpg?resize=700%2C400&ssl=1 2x, https:\/\/i0.wp.com\/iammonline.com\/wp-content\/uploads\/2018\/08\/iammlogolarge.jpg?resize=1050%2C600&ssl=1 3x, https:\/\/i0.wp.com\/iammonline.com\/wp-content\/uploads\/2018\/08\/iammlogolarge.jpg?resize=1400%2C800&ssl=1 4x"},"classes":[]}],"ticketed":false,"_links":{"self":[{"href":"https:\/\/iammonline.com\/es\/wp-json\/wp\/v2\/pages\/3774","targetHints":{"allow":["GET"]}}],"collection":[{"href":"https:\/\/iammonline.com\/es\/wp-json\/wp\/v2\/pages"}],"about":[{"href":"https:\/\/iammonline.com\/es\/wp-json\/wp\/v2\/types\/page"}],"author":[{"embeddable":true,"href":"https:\/\/iammonline.com\/es\/wp-json\/wp\/v2\/users\/224"}],"replies":[{"embeddable":true,"href":"https:\/\/iammonline.com\/es\/wp-json\/wp\/v2\/comments?post=3774"}],"version-history":[{"count":11,"href":"https:\/\/iammonline.com\/es\/wp-json\/wp\/v2\/pages\/3774\/revisions"}],"predecessor-version":[{"id":13015,"href":"https:\/\/iammonline.com\/es\/wp-json\/wp\/v2\/pages\/3774\/revisions\/13015"}],"wp:attachment":[{"href":"https:\/\/iammonline.com\/es\/wp-json\/wp\/v2\/media?parent=3774"}],"curies":[{"name":"wp","href":"https:\/\/api.w.org\/{rel}","templated":true}]}}