{"id":65,"date":"2018-08-03T03:22:17","date_gmt":"2018-08-03T03:22:17","guid":{"rendered":"https:\/\/iammonline.com\/join-us\/"},"modified":"2026-01-05T10:55:33","modified_gmt":"2026-01-05T10:55:33","slug":"join-us","status":"publish","type":"page","link":"https:\/\/iammonline.com\/de\/join-us\/","title":{"rendered":"Mitmachen"},"content":{"rendered":"<h1>\n\t\t\tTreten Sie der IAMM bei\t<\/h1>\n<h4>\n\t\t\tZeitschrift f\u00fcr Musik und Medizin\t<\/h4>\n<h4>\n\t\t\t580+ Mitglieder\t<\/h4>\n<h4>\n\t\t\tIAMM-Konferenzen\t<\/h4>\n\t<p>Wir freuen uns, dass Sie sich f\u00fcr eine Mitgliedschaft in der International Association for Music and Medicine interessieren! Die International Association for Music &amp; Medicine ist eine eingetragene gemeinn\u00fctzige Organisation, die 2009 gegr\u00fcndet wurde, um den Einsatz von Musik in medizinischen und gesundheitlichen Kontexten zu f\u00f6rdern und zu unterst\u00fctzen, einschlie\u00dflich der Erforschung der Vorteile von Musik und ihrer speziellen Anwendungen im Gesundheitswesen. Die Mitgliedschaft in der IAMM bietet Ihnen hervorragende M\u00f6glichkeiten, sich mit mehr als 550 Mitgliedern aus der ganzen Welt zu vernetzen und von ihnen zu lernen!<\/p>\n\t\t\t<a href=\"#join\" target=\"_self\">\n\t\t\t\t\t\t\tTreten Sie der IAMM bei\n\t\t\t\t\t<\/a>\n<h2>\n\t\t\t\"Spielen am Schnittpunkt von Musik und Medizin\"\t<\/h2>\n<h2>\n\t\t\tVorteile der IAMM-Mitgliedschaft\t<\/h2>\n\tDie Mitgliedschaft in der IAMM bietet Ihnen hervorragende M\u00f6glichkeiten, sich mit den mehr als 550 Mitgliedern aus der ganzen Welt zu vernetzen und von ihnen zu lernen!\n<h3>\n\t\t\tMusic and Medicine Journal\t<\/h3>\n\t\t\t\t<img decoding=\"async\" data-src=\"https:\/\/iammonline.com\/wp-content\/uploads\/2022\/01\/cover-22ab-compressed.jpg\" alt=\"cover 22ab compressed\" itemprop=\"image\" height=\"2896\" width=\"2250\" title=\"Deckel 22ab komprimiert\" onerror=\"this.style.display='none'\" src=\"data:image\/svg+xml;base64,PHN2ZyB3aWR0aD0iMSIgaGVpZ2h0PSIxIiB4bWxucz0iaHR0cDovL3d3dy53My5vcmcvMjAwMC9zdmciPjwvc3ZnPg==\" class=\"lazyload\" style=\"--smush-placeholder-width: 2250px; --smush-placeholder-aspect-ratio: 2250\/2896;\" \/>\n\tMit Ihrer einj\u00e4hrigen Mitgliedschaft erhalten Sie Zugang zu den vier Jahresb\u00e4nden der Zeitschrift <em>Music and Medicine.<\/em> Dieses Abonnement bietet auch elektronischen Zugang zu allen Ausgaben der Zeitschrift seit Band 1, Ausgabe 1 (2009).\nMusik und Medizin ist das Flaggschiff der International Association for Music and Medicine. Diese einzigartige Zeitschrift ist von \u00fcberall auf der Welt online verf\u00fcgbar.\n<h3>\n\t\t\tIAMM-Konferenz\t<\/h3>\n\t\t\t\t<img decoding=\"async\" data-src=\"https:\/\/iammonline.com\/wp-content\/uploads\/2021\/02\/IMG-20180614-WA0007-copy.jpg\" alt=\"IMG-20180614-WA0007 copy\" itemprop=\"image\" height=\"1177\" width=\"1177\" title=\"IMG-20180614-WA0007 Kopie\" onerror=\"this.style.display='none'\" src=\"data:image\/svg+xml;base64,PHN2ZyB3aWR0aD0iMSIgaGVpZ2h0PSIxIiB4bWxucz0iaHR0cDovL3d3dy53My5vcmcvMjAwMC9zdmciPjwvc3ZnPg==\" class=\"lazyload\" style=\"--smush-placeholder-width: 1177px; --smush-placeholder-aspect-ratio: 1177\/1177;\" \/>\n\t<p>Alle zwei Jahre erhalten Sie Erm\u00e4\u00dfigungen zur IAMM-Konferenz. Dieses internationale Treffen von Forschern, Klinikern und Fachleuten umfasst Plenarsitzungen, Workshops, Postervorstellungen, M\u00f6glichkeiten zu Networking,  kommerzielle Ausstellungen und Bildungsm\u00f6glichkeiten in einem breiten Spektrum von Musik- und Medizinbereichen.<\/p>\n<h3>\n\t\t\tZus\u00e4tzlich:\t<\/h3>\n\t\t\t\t<img decoding=\"async\" data-src=\"https:\/\/iammonline.com\/wp-content\/uploads\/2020\/08\/image002.png\" alt=\"image002\" itemprop=\"image\" height=\"311\" width=\"432\" title=\"image002\" onerror=\"this.style.display='none'\" src=\"data:image\/svg+xml;base64,PHN2ZyB3aWR0aD0iMSIgaGVpZ2h0PSIxIiB4bWxucz0iaHR0cDovL3d3dy53My5vcmcvMjAwMC9zdmciPjwvc3ZnPg==\" class=\"lazyload\" style=\"--smush-placeholder-width: 432px; --smush-placeholder-aspect-ratio: 432\/311;\" \/>\n\t<p><strong>F\u00fchrungsrolle in IAMM-Aussch\u00fcssen:<\/strong> Verschaffen Sie sich Geh\u00f6r bei internationalen Fragen zu Musik und Medizin, indem Sie einem IAMM-Ausschuss oder einer Arbeitsgruppe beitreten.<\/p>\n<p><strong>Teilnahme an speziellen Interessengruppen der IAMM:<\/strong> Spezielle Interessengruppen treffen sich auf den Konferenzen der IAMM und arbeiten an speziellen Projekten mit.<\/p>\n<p><strong>Zugang zu besonderen Veranstaltungen:<\/strong> Wir bieten laufend Veranstaltungen und spezielle Angebote nur f\u00fcr Mitglieder an.<\/p>\n<p>Und mehr!<\/p>\n\t\t\t<a href=\"#join\" target=\"_self\">\n\t\t\t\t\t\t\tTreten Sie der IAMM bei\n\t\t\t\t\t<\/a>\n<h2>\n\t\t\tSchlie\u00dfen Sie sich uns hier an:\t<\/h2>\n<h3>\n\t\t<a href=\"https:\/\/iammonline.com\/register\/full-member-developed-world\/\" title=\"Entwickelte L\u00e4nder\"  target=\"_self\">\n\t\t\tEntwickelte L\u00e4nder\t\t<\/a>\n\t<\/h3>\n\t\t\t\t<img decoding=\"async\" data-src=\"https:\/\/iammonline.com\/wp-content\/uploads\/2022\/01\/cover-22ab-compressed.jpg\" alt=\"cover 22ab compressed\" itemprop=\"image\" height=\"2896\" width=\"2250\" title=\"Deckel 22ab komprimiert\" onerror=\"this.style.display='none'\" src=\"data:image\/svg+xml;base64,PHN2ZyB3aWR0aD0iMSIgaGVpZ2h0PSIxIiB4bWxucz0iaHR0cDovL3d3dy53My5vcmcvMjAwMC9zdmciPjwvc3ZnPg==\" class=\"lazyload\" style=\"--smush-placeholder-width: 2250px; --smush-placeholder-aspect-ratio: 2250\/2896;\" \/>\n<h2>\n\t\t$100\n\t\tPro Jahr\n\t\t\t\t<\/h2>\t\n\t\t\t<a href=\"https:\/\/iammonline.com\/register\/full-member-developed-world\/\" target=\"_blank\" rel=\"noopener\">\n\t\t\t\t\t\t\tBeitreten\n\t\t\t\t\t<\/a>\n<h3>\n\t\t\tL\u00e4nder des globalen S\u00fcdens*\t<\/h3>\n\t\t\t\t<img decoding=\"async\" data-src=\"https:\/\/iammonline.com\/wp-content\/uploads\/2022\/01\/cover-22ab-compressed.jpg\" alt=\"cover 22ab compressed\" itemprop=\"image\" height=\"2896\" width=\"2250\" title=\"Deckel 22ab komprimiert\" onerror=\"this.style.display='none'\" src=\"data:image\/svg+xml;base64,PHN2ZyB3aWR0aD0iMSIgaGVpZ2h0PSIxIiB4bWxucz0iaHR0cDovL3d3dy53My5vcmcvMjAwMC9zdmciPjwvc3ZnPg==\" class=\"lazyload\" style=\"--smush-placeholder-width: 2250px; --smush-placeholder-aspect-ratio: 2250\/2896;\" \/>\n<h2>\n\t\t$50\n\t\tPro Jahr\n\t\t\t\t<\/h2>\t\n\t\t\t<a href=\"https:\/\/iammonline.com\/register\/full-member-developing-world\/\" target=\"_blank\" rel=\"noopener\">\n\t\t\t\t\t\t\tBeitreten\n\t\t\t\t\t<\/a>\n<h3>\n\t\t\tStudenten\/Arbeitslose\/Rentner\t<\/h3>\n\t\t\t\t<img decoding=\"async\" data-src=\"https:\/\/iammonline.com\/wp-content\/uploads\/2022\/01\/cover-22ab-compressed.jpg\" alt=\"cover 22ab compressed\" itemprop=\"image\" height=\"2896\" width=\"2250\" title=\"Deckel 22ab komprimiert\" onerror=\"this.style.display='none'\" src=\"data:image\/svg+xml;base64,PHN2ZyB3aWR0aD0iMSIgaGVpZ2h0PSIxIiB4bWxucz0iaHR0cDovL3d3dy53My5vcmcvMjAwMC9zdmciPjwvc3ZnPg==\" class=\"lazyload\" style=\"--smush-placeholder-width: 2250px; --smush-placeholder-aspect-ratio: 2250\/2896;\" \/>\n<h2>\n\t\t$50\n\t\tPro Jahr\n\t\t\t\t<\/h2>\t\n\t\t\t<a href=\"https:\/\/iammonline.com\/register\/student-unwaged-retired\/\" target=\"_blank\" rel=\"noopener\">\n\t\t\t\t\t\t\tBeitreten\n\t\t\t\t\t<\/a>\n<h3>\n\t\t\tInstitutionelles Abonnement\t<\/h3>\n\t\t\t\t<img decoding=\"async\" data-src=\"https:\/\/iammonline.com\/wp-content\/uploads\/2022\/01\/cover-22ab-compressed.jpg\" alt=\"cover 22ab compressed\" itemprop=\"image\" height=\"2896\" width=\"2250\" title=\"Deckel 22ab komprimiert\" onerror=\"this.style.display='none'\" src=\"data:image\/svg+xml;base64,PHN2ZyB3aWR0aD0iMSIgaGVpZ2h0PSIxIiB4bWxucz0iaHR0cDovL3d3dy53My5vcmcvMjAwMC9zdmciPjwvc3ZnPg==\" class=\"lazyload\" style=\"--smush-placeholder-width: 2250px; --smush-placeholder-aspect-ratio: 2250\/2896;\" \/>\n<h2>\n\t\t$400\n\t\tPer Year\n\t\t\t\t<\/h2>\t\n\t\t\t<a href=\"https:\/\/iammonline.com\/register\/institutional-online-journal-access\/\" target=\"_blank\" rel=\"noopener\">\n\t\t\t\t\t\t\tBeitreten\n\t\t\t\t\t<\/a>\n\t<p><strong>Wenn Sie sich den Mitgliedsbeitrag f\u00fcr die IAMM nicht leisten k\u00f6nnen, f\u00fcllen Sie bitte das Formular <a href=\"https:\/\/iamm.typeform.com\/to\/MjDMfK4e\" target=\"_blank\" rel=\"noopener\">diese Anwendung<\/a> f\u00fcr die Erm\u00e4\u00dfigung des Mitgliedsbeitrags. Wir pr\u00fcfen diese Antr\u00e4ge fortlaufend und ber\u00fccksichtigen dabei sowohl das Land, aus dem Sie zu uns kommen, als auch den Grund, aus dem Sie eine Geb\u00fchrenerm\u00e4\u00dfigung beantragen.<\/strong><\/p>\n\t\t\t<a href=\"https:\/\/iamm.typeform.com\/to\/MjDMfK4e\" target=\"_blank\" rel=\"noopener\">\n\t\t\t\t\t\t\tAntrag auf Geb\u00fchrenerm\u00e4\u00dfigung\n\t\t\t\t\t<\/a>","protected":false},"excerpt":{"rendered":"<p>Join IAMM Music and Medicine Journal 580+ Members IAMM Conferences We are delighted that you are interested in joining the International Association for Music and Medicine! The International Association for Music &amp; Medicine is a registered non-profit organisation formed in 2009 to encourage and support the use of music in [&hellip;]<\/p>\n","protected":false},"author":1,"featured_media":0,"parent":0,"menu_order":0,"comment_status":"closed","ping_status":"closed","template":"page-templates\/template-pagebuilder-full-width.php","meta":{"_bbp_topic_count":0,"_bbp_reply_count":0,"_bbp_total_topic_count":0,"_bbp_total_reply_count":0,"_bbp_voice_count":0,"_bbp_anonymous_reply_count":0,"_bbp_topic_count_hidden":0,"_bbp_reply_count_hidden":0,"_bbp_forum_subforum_count":0,"om_disable_all_campaigns":false,"_monsterinsights_skip_tracking":false,"_monsterinsights_sitenote_active":false,"_monsterinsights_sitenote_note":"","_monsterinsights_sitenote_category":0,"advanced_seo_description":"","jetpack_seo_html_title":"","jetpack_seo_noindex":false,"_price":"","_stock":"","_tribe_ticket_header":"","_tribe_default_ticket_provider":"","_tribe_ticket_capacity":"0","_ticket_start_date":"","_ticket_end_date":"","_tribe_ticket_show_description":"","_tribe_ticket_show_not_going":false,"_tribe_ticket_use_global_stock":"","_tribe_ticket_global_stock_level":"","_global_stock_mode":"","_global_stock_cap":"","_tribe_rsvp_for_event":"","_tribe_ticket_going_count":"","_tribe_ticket_not_going_count":"","_tribe_tickets_list":"[]","_tribe_ticket_has_attendee_info_fields":false,"footnotes":"","_tec_slr_enabled":"","_tec_slr_layout":""},"class_list":["post-65","page","type-page","status-publish","hentry"],"jetpack_sharing_enabled":true,"jetpack_shortlink":"https:\/\/wp.me\/Pa8LTR-13","jetpack-related-posts":[{"id":4,"url":"https:\/\/iammonline.com\/de\/","url_meta":{"origin":65,"position":0},"title":"Startseite","author":"IAMM Admin","date":"August 2, 2018","format":false,"excerpt":"Willkommen bei IAMM Die International Association for Music &amp; Medicine ist eine eingetragene gemeinn\u00fctzige Organisation, die 2009 gegr\u00fcndet wurde, um den Einsatz von Musik in medizinischen Kontexten zu f\u00f6rdern und zu unterst\u00fctzen, einschlie\u00dflich der Erforschung der Vorteile von Musik und ihrer speziellen Anwendungen im Gesundheitswesen. Werden Sie Mitglied bei IAMM LESEN SIE UNSEREN BLOG IAMM 2026 Internationale...","rel":"","context":"\u00c4hnlicher Beitrag","block_context":{"text":"\u00c4hnlicher Beitrag","link":""},"img":{"alt_text":"","src":"https:\/\/i0.wp.com\/iammonline.com\/wp-content\/uploads\/2018\/08\/iammlogolarge.jpg?resize=350%2C200&ssl=1","width":350,"height":200,"srcset":"https:\/\/i0.wp.com\/iammonline.com\/wp-content\/uploads\/2018\/08\/iammlogolarge.jpg?resize=350%2C200&ssl=1 1x, https:\/\/i0.wp.com\/iammonline.com\/wp-content\/uploads\/2018\/08\/iammlogolarge.jpg?resize=525%2C300&ssl=1 1.5x, https:\/\/i0.wp.com\/iammonline.com\/wp-content\/uploads\/2018\/08\/iammlogolarge.jpg?resize=700%2C400&ssl=1 2x, https:\/\/i0.wp.com\/iammonline.com\/wp-content\/uploads\/2018\/08\/iammlogolarge.jpg?resize=1050%2C600&ssl=1 3x, https:\/\/i0.wp.com\/iammonline.com\/wp-content\/uploads\/2018\/08\/iammlogolarge.jpg?resize=1400%2C800&ssl=1 4x"},"classes":[]},{"id":3774,"url":"https:\/\/iammonline.com\/de\/about-us\/","url_meta":{"origin":65,"position":1},"title":"\u00dcber uns","author":"Samuel Gracida","date":"Februar 23, 2021","format":false,"excerpt":"\u00dcber uns Die Internationale Vereinigung f\u00fcr Musik und Medizin Die Internationale Vereinigung f\u00fcr Musik und Medizin ist eine eingetragene gemeinn\u00fctzige Organisation, die 2009 gegr\u00fcndet wurde, um die Verwendung von Musik in medizinischen Kontexten zu f\u00f6rdern und zu unterst\u00fctzen, einschlie\u00dflich der Erforschung der Vorteile von Musik und ihrer speziellen Anwendungen im Gesundheitswesen. Leitung Die...","rel":"","context":"\u00c4hnlicher Beitrag","block_context":{"text":"\u00c4hnlicher Beitrag","link":""},"img":{"alt_text":"Erika Saito MD, MA, Japan","src":"https:\/\/i0.wp.com\/iammonline.com\/wp-content\/uploads\/2018\/08\/iammlogolarge.jpg?resize=350%2C200&ssl=1","width":350,"height":200,"srcset":"https:\/\/i0.wp.com\/iammonline.com\/wp-content\/uploads\/2018\/08\/iammlogolarge.jpg?resize=350%2C200&ssl=1 1x, https:\/\/i0.wp.com\/iammonline.com\/wp-content\/uploads\/2018\/08\/iammlogolarge.jpg?resize=525%2C300&ssl=1 1.5x, https:\/\/i0.wp.com\/iammonline.com\/wp-content\/uploads\/2018\/08\/iammlogolarge.jpg?resize=700%2C400&ssl=1 2x, https:\/\/i0.wp.com\/iammonline.com\/wp-content\/uploads\/2018\/08\/iammlogolarge.jpg?resize=1050%2C600&ssl=1 3x, https:\/\/i0.wp.com\/iammonline.com\/wp-content\/uploads\/2018\/08\/iammlogolarge.jpg?resize=1400%2C800&ssl=1 4x"},"classes":[]},{"id":7954,"url":"https:\/\/iammonline.com\/de\/iamm-2022-content-library\/","url_meta":{"origin":65,"position":2},"title":"IAMM 2022 Inhaltsbibliothek","author":"IAMM Admin","date":"November 26, 2022","format":false,"excerpt":"Unlock access to the IAMM 2022 Content Library and learn from over 80 workshops and presentations from the world's leading experts on Music Therapy and Music and Medicine. Click Here to Unlock Now 80+ Presentations 160+ Leading Experts 40+ Hours of Content Catherine Delong, CM-Th, presenting \"Music as Medicine at\u2026","rel":"","context":"\u00c4hnlicher Beitrag","block_context":{"text":"\u00c4hnlicher Beitrag","link":""},"img":{"alt_text":"Catherine Delong, CM-Th, presenting \"Music as Medicine at the End of Life\" at IAMM 2022.","src":"https:\/\/i0.wp.com\/iammonline.com\/wp-content\/uploads\/2022\/08\/IAMM2022_-3.png?resize=350%2C200&ssl=1","width":350,"height":200,"srcset":"https:\/\/i0.wp.com\/iammonline.com\/wp-content\/uploads\/2022\/08\/IAMM2022_-3.png?resize=350%2C200&ssl=1 1x, https:\/\/i0.wp.com\/iammonline.com\/wp-content\/uploads\/2022\/08\/IAMM2022_-3.png?resize=525%2C300&ssl=1 1.5x, https:\/\/i0.wp.com\/iammonline.com\/wp-content\/uploads\/2022\/08\/IAMM2022_-3.png?resize=700%2C400&ssl=1 2x, https:\/\/i0.wp.com\/iammonline.com\/wp-content\/uploads\/2022\/08\/IAMM2022_-3.png?resize=1050%2C600&ssl=1 3x, https:\/\/i0.wp.com\/iammonline.com\/wp-content\/uploads\/2022\/08\/IAMM2022_-3.png?resize=1400%2C800&ssl=1 4x"},"classes":[]},{"id":1820,"url":"https:\/\/iammonline.com\/de\/welcome\/","url_meta":{"origin":65,"position":3},"title":"Willkommen bei IAMM","author":"IAMM Admin","date":"M\u00e4rz 18, 2020","format":false,"excerpt":"Welcome to IAMM Welcome to the International Association for Music and Medicine! You have just joined a vibrant global community of professionals who work in the intersection of music and medicine\/health. Membership with IAMM includes several benefits. Read further on this page to learn about several of these benefits! Music\u2026","rel":"","context":"In \"Paid\"","block_context":{"text":"Paid","link":"https:\/\/iammonline.com\/de\/tag\/paid\/"},"img":{"alt_text":"cover_issue_66_en_US","src":"https:\/\/i0.wp.com\/iammonline.com\/wp-content\/uploads\/2021\/02\/cover_issue_66_en_US.png?resize=350%2C200&ssl=1","width":350,"height":200},"classes":[]},{"id":4667,"url":"https:\/\/iammonline.com\/de\/history\/","url_meta":{"origin":65,"position":4},"title":"Geschichte der IAMM","author":"IAMM Admin","date":"Juli 27, 2021","format":false,"excerpt":"Geschichte der IAMM Die International Association for Music &amp; Medicine (Internationale Vereinigung f\u00fcr Musik und Medizin) ist eine eingetragene gemeinn\u00fctzige Organisation, die 2009 gegr\u00fcndet wurde, um den Einsatz von Musik im medizinischen Bereich zu f\u00f6rdern und zu unterst\u00fctzen, einschlie\u00dflich der Erforschung der Vorteile von Musik und ihrer speziellen Anwendungen im Gesundheitswesen. Unser globaler Auftrag ist die Unterst\u00fctzung der Entwicklung...","rel":"","context":"\u00c4hnlicher Beitrag","block_context":{"text":"\u00c4hnlicher Beitrag","link":""},"img":{"alt_text":"","src":"https:\/\/i0.wp.com\/iammonline.com\/wp-content\/uploads\/2021\/11\/iamm-inaugural-conf-2009-Ireland-1024x681.jpeg?resize=350%2C200&ssl=1","width":350,"height":200,"srcset":"https:\/\/i0.wp.com\/iammonline.com\/wp-content\/uploads\/2021\/11\/iamm-inaugural-conf-2009-Ireland-1024x681.jpeg?resize=350%2C200&ssl=1 1x, https:\/\/i0.wp.com\/iammonline.com\/wp-content\/uploads\/2021\/11\/iamm-inaugural-conf-2009-Ireland-1024x681.jpeg?resize=525%2C300&ssl=1 1.5x, https:\/\/i0.wp.com\/iammonline.com\/wp-content\/uploads\/2021\/11\/iamm-inaugural-conf-2009-Ireland-1024x681.jpeg?resize=700%2C400&ssl=1 2x"},"classes":[]},{"id":3636,"url":"https:\/\/iammonline.com\/de\/iamm2021\/","url_meta":{"origin":65,"position":5},"title":"IAMM2021","author":"Samuel Gracida","date":"Januar 29, 2021","format":false,"excerpt":"IAMM With You: In Conversation\u00a0 Join us for this series of live-streamed interviews with professionals around the world who work and play at the intersection of music and medicine\/health, meeting approximately twice per month. LEARN MORE IAMM Global Caf\u00e9 IAMM Global Caf\u00e9 (IGC) is a virtual networking event for IAMM\u2026","rel":"","context":"\u00c4hnlicher Beitrag","block_context":{"text":"\u00c4hnlicher Beitrag","link":""},"img":{"alt_text":"","src":"https:\/\/i0.wp.com\/iammonline.com\/wp-content\/uploads\/2021\/01\/IAMM2021-graphics-04.png?resize=350%2C200&ssl=1","width":350,"height":200,"srcset":"https:\/\/i0.wp.com\/iammonline.com\/wp-content\/uploads\/2021\/01\/IAMM2021-graphics-04.png?resize=350%2C200&ssl=1 1x, https:\/\/i0.wp.com\/iammonline.com\/wp-content\/uploads\/2021\/01\/IAMM2021-graphics-04.png?resize=525%2C300&ssl=1 1.5x, https:\/\/i0.wp.com\/iammonline.com\/wp-content\/uploads\/2021\/01\/IAMM2021-graphics-04.png?resize=700%2C400&ssl=1 2x, https:\/\/i0.wp.com\/iammonline.com\/wp-content\/uploads\/2021\/01\/IAMM2021-graphics-04.png?resize=1050%2C600&ssl=1 3x, https:\/\/i0.wp.com\/iammonline.com\/wp-content\/uploads\/2021\/01\/IAMM2021-graphics-04.png?resize=1400%2C800&ssl=1 4x"},"classes":[]}],"ticketed":false,"_links":{"self":[{"href":"https:\/\/iammonline.com\/de\/wp-json\/wp\/v2\/pages\/65","targetHints":{"allow":["GET"]}}],"collection":[{"href":"https:\/\/iammonline.com\/de\/wp-json\/wp\/v2\/pages"}],"about":[{"href":"https:\/\/iammonline.com\/de\/wp-json\/wp\/v2\/types\/page"}],"author":[{"embeddable":true,"href":"https:\/\/iammonline.com\/de\/wp-json\/wp\/v2\/users\/1"}],"replies":[{"embeddable":true,"href":"https:\/\/iammonline.com\/de\/wp-json\/wp\/v2\/comments?post=65"}],"version-history":[{"count":12,"href":"https:\/\/iammonline.com\/de\/wp-json\/wp\/v2\/pages\/65\/revisions"}],"predecessor-version":[{"id":13320,"href":"https:\/\/iammonline.com\/de\/wp-json\/wp\/v2\/pages\/65\/revisions\/13320"}],"wp:attachment":[{"href":"https:\/\/iammonline.com\/de\/wp-json\/wp\/v2\/media?parent=65"}],"curies":[{"name":"wp","href":"https:\/\/api.w.org\/{rel}","templated":true}]}}