{"id":58,"date":"2018-08-03T03:18:47","date_gmt":"2018-08-03T03:18:47","guid":{"rendered":"https:\/\/iammonline.com\/?page_id=58"},"modified":"2026-02-13T21:31:10","modified_gmt":"2026-02-13T21:31:10","slug":"mmd-team","status":"publish","type":"page","link":"https:\/\/iammonline.com\/de\/mmd-team\/","title":{"rendered":"MMD-Team"},"content":{"rendered":"<h1>Redaktionelles Team<\/h1>\n<figure itemscope itemtype=\"https:\/\/schema.org\/ImageObject\">\n\t\t\t\t<img decoding=\"async\" data-src=\"https:\/\/iammonline.com\/wp-content\/uploads\/2020\/09\/Spintge2016-e1599553476541.jpg\" alt=\"Spintge2016\" height=\"539\" width=\"541\" title=\"Spintge2016\" onerror=\"this.style.display='none'\" src=\"data:image\/svg+xml;base64,PHN2ZyB3aWR0aD0iMSIgaGVpZ2h0PSIxIiB4bWxucz0iaHR0cDovL3d3dy53My5vcmcvMjAwMC9zdmciPjwvc3ZnPg==\" class=\"lazyload\" style=\"--smush-placeholder-width: 541px; --smush-placeholder-aspect-ratio: 541\/539;\" \/>\n\t<\/figure>\n<h3>\n\t\t\tCo-Chefredakteur\t<\/h3>\n\t<strong>Ralph Spintge, MD<\/strong><br \/>\n<strong>Institut f\u00fcr Musiktherapie, Hochschule f\u00fcr Musik und Theater, Hamburg, Deutschland<\/strong>\nDr. med. Ralph Spintge ist Direktor des Instituts f\u00fcr Medizinische Musikforschung IMUR, L\u00fcdenscheid, Professor auf Lebenszeit f\u00fcr MusikMedizin an der Hochschule f\u00fcr Musik und Theater; Adjunct Professor em. am Institute for Music Research UTSA, Co-EIC Journal Music and Medicine. Seit 1981 f\u00fchrte er psychophysiologische Studien \u00fcber anxioalgolytische Wirkungen von Musik in der Medizin an verschiedenen Universit\u00e4ten wie Hirosaki\/Japan, Wien\/\u00d6sterreich, Rotterdam\/Niederlande, New South Wales State Conservatorium of Music Sydney\/Australien und mehreren deutschen Universit\u00e4tskliniken durch. Er ver\u00f6ffentlichte zahlreiche Artikel und 23 B\u00fccher. Er fungiert als Pr\u00e4sident der Int. Soc. for Music in Medicine ISMM und ist Ehrenmitglied der IAMM und der MusicTherapy Association of Catalonia\/Spanien, Vorstandsmitglied des Skille-Lehikoinen Center for Vibroacoustic Research VIBRAC an der Universit\u00e4t Jyv\u00e4skyl\u00e4 Finnland. Zu seinen j\u00fcngsten Forschungsprojekten geh\u00f6ren Individualisierte Musiktherapie bei chronischen Schmerzen, medizinisch-funktionale Musik und HRV, Implementierung von medizinisch-funktionalen Klanglandschaften in medizinischen Einrichtungen.\n\t<hr \/>\n<p>&nbsp;<\/p>\n<figure itemscope itemtype=\"https:\/\/schema.org\/ImageObject\">\n\t\t\t\t<img decoding=\"async\" data-src=\"https:\/\/iammonline.com\/wp-content\/uploads\/2026\/02\/Amy-Clements-Cortes-black-blouse-half-shot.jpg\" alt=\"Amy Clements-Cortes -black blouse half shot\" height=\"2839\" width=\"2681\" title=\"Amy Clements-Cortes -Schwarze Bluse Halbaufnahme\" onerror=\"this.style.display='none'\" src=\"data:image\/svg+xml;base64,PHN2ZyB3aWR0aD0iMSIgaGVpZ2h0PSIxIiB4bWxucz0iaHR0cDovL3d3dy53My5vcmcvMjAwMC9zdmciPjwvc3ZnPg==\" class=\"lazyload\" style=\"--smush-placeholder-width: 2681px; --smush-placeholder-aspect-ratio: 2681\/2839;\" \/>\n\t<\/figure>\n<h3>\n\t\t\tCo-Chefredakteur\t<\/h3>\n\t<strong>Amy Clements-Cort\u00e9s PhD, RP, MTA, MT-BC<\/strong><br \/>\n<strong>Universit\u00e4t von Toronto, Musik- und Gesundheitswissenschaften; Wilfried Laurier Universit\u00e4t, Kanada<\/strong>\n<p>Amy ist au\u00dferordentliche Professorin an der Fakult\u00e4t f\u00fcr Musik der Universit\u00e4t Toronto, Musiktherapeutin, eingetragene Psychotherapeutin und Stipendiatin der Bonny-Methode f\u00fcr gef\u00fchrte Bilder und Musik sowie der Neurologischen Musiktherapie. Amy verf\u00fcgt \u00fcber umfangreiche klinische Erfahrung mit dem Schwerpunkt Demenz und Palliativmedizin. Ihre Forschungsbeitr\u00e4ge haben zu hervorragenden Behandlungen gef\u00fchrt, die von Fachleuten aus Musik und Medizin angeboten werden. Dazu geh\u00f6ren: Beziehungsgestaltung f\u00fcr Menschen am Lebensende, vibroakustische Therapie und Gesangsprotokolle f\u00fcr Menschen mit Demenzdiagnose sowie Erfahrungen in musiktherapeutischen Praktika. Mit ihrem internationalen Ruf ist Amy Teil mehrerer spezieller Interessengruppen, um das Verst\u00e4ndnis f\u00fcr musikbasierte Interventionen bei Schmerzen, Demenz und Palliativmedizin zu f\u00f6rdern, und leitet eine Gruppe internationaler Wissenschaftler, die an der Weiterentwicklung der Musiktherapie im Bereich der Telemedizin arbeiten. Amy ist ehemalige Pr\u00e4sidentin der World Federation of Music Therapy und der Canadian Association for Music Therapists.<\/p>\n\t<hr \/>\n<p>&nbsp;<\/p>\n<figure itemscope itemtype=\"https:\/\/schema.org\/ImageObject\">\n\t\t\t\t<img decoding=\"async\" data-src=\"https:\/\/iammonline.com\/wp-content\/uploads\/2025\/04\/Mark-Ettenberger-Portrait.jpg\" alt=\"Mark Ettenberger Portrait\" height=\"2798\" width=\"2798\" title=\"Mark Ettenberger Portr\u00e4t\" onerror=\"this.style.display='none'\" src=\"data:image\/svg+xml;base64,PHN2ZyB3aWR0aD0iMSIgaGVpZ2h0PSIxIiB4bWxucz0iaHR0cDovL3d3dy53My5vcmcvMjAwMC9zdmciPjwvc3ZnPg==\" class=\"lazyload\" style=\"--smush-placeholder-width: 2798px; --smush-placeholder-aspect-ratio: 2798\/2798;\" \/>\n\t<\/figure>\n<h3>\n\t\t\tAssoziierter Herausgeber\t<\/h3>\n\t<strong>Mark Ettenberger, PhD, MA, MT<br \/>\n<\/strong>\nMark ist ein in \u00d6sterreich ausgebildeter Ethnomusiktherapeut und promovierte in Musiktherapie an der Anglia Ruskin University, UK. Er spezialisierte sich auf Musiktherapie f\u00fcr Neugeborene (RBL - Rhythm, Breath, Lullaby) am Louis Armstrong Center for Music &amp; Medicine in New York und hat einen M.A. in Friedensstudien und Konfliktl\u00f6sung vom UNESCO-Lehrstuhl f\u00fcr Friedensphilosophie der Universit\u00e4t Jaume I, Spanien. Zurzeit lebt und arbeitet er in Bogot\u00e1, Kolumbien, wo er Direktor des SONO - Centro de Musicoterapia (www.sono.la) ist und als Dozent an verschiedenen internationalen Musiktherapieprogrammen t\u00e4tig ist. Er koordiniert die musiktherapeutischen Dienste in mehreren kolumbianischen Krankenh\u00e4usern und hat ein besonderes Interesse an der Erforschung musikbasierter Interventionen und Therapien in medizinischen Einrichtungen.\n\t<hr \/>\n<p>&nbsp;<\/p>\n<figure itemscope itemtype=\"https:\/\/schema.org\/ImageObject\">\n\t\t\t\t<img decoding=\"async\" data-src=\"https:\/\/iammonline.com\/wp-content\/uploads\/2026\/02\/A0FCE803-FAA7-46DB-BE3D-71E54BEE3453-export.jpg\" alt=\"A0FCE803-FAA7-46DB-BE3D-71E54BEE3453-export\" height=\"2016\" width=\"1512\" title=\"A0FCE803-FAA7-46DB-BE3D-71E54BEE3453-export\" onerror=\"this.style.display='none'\" src=\"data:image\/svg+xml;base64,PHN2ZyB3aWR0aD0iMSIgaGVpZ2h0PSIxIiB4bWxucz0iaHR0cDovL3d3dy53My5vcmcvMjAwMC9zdmciPjwvc3ZnPg==\" class=\"lazyload\" style=\"--smush-placeholder-width: 1512px; --smush-placeholder-aspect-ratio: 1512\/2016;\" \/>\n\t<\/figure>\n<h3>\n\t\t\tAssoziierter Herausgeber\t<\/h3>\n\t<strong>Marija Pranji\u0107, Ph.D., MT-BC<br \/>\n<\/strong>\nDr. Marija Pranji\u0107 is a neuroscientist, pianist, and board-certified music therapist with specialized training in neurologic music therapy (NMT-F). She is currently a research fellow in the Laboratories of Cognitive Neuroscience at Harvard Medical School and Boston Children&#8217;s Hospital, and serves as a course instructor at Harvard University. Her research lies at the intersection of music, brain science, and developmental medicine, focusing on music-induced neuroplasticity and its biomedical applications. With academic and professional experience spanning Croatia (BMus\/MMus), the United Kingdom (MA), Canada (PhD), and the United States, Dr. Pranji\u0107 is deeply committed to interdisciplinary scholarship and the rigorous dissemination of scientific knowledge. Her work has been supported by the GRAMMY Museum Grant, Harvard&#8217;s Interdisciplinary Mind Grant, and the MITACS Globalink Research Award, among others.\n\t<hr \/>\n<p>&nbsp;<\/p>\n<figure itemscope itemtype=\"https:\/\/schema.org\/ImageObject\">\n\t\t\t\t<img decoding=\"async\" data-src=\"https:\/\/iammonline.com\/wp-content\/uploads\/2020\/09\/Erik-Bauman-e1599553660861.jpg\" alt=\"Erik Bauman, MMTPeru\" height=\"2643\" width=\"2643\" title=\"Erik Bauman\" onerror=\"this.style.display='none'\" src=\"data:image\/svg+xml;base64,PHN2ZyB3aWR0aD0iMSIgaGVpZ2h0PSIxIiB4bWxucz0iaHR0cDovL3d3dy53My5vcmcvMjAwMC9zdmciPjwvc3ZnPg==\" class=\"lazyload\" style=\"--smush-placeholder-width: 2643px; --smush-placeholder-aspect-ratio: 2643\/2643;\" \/>\n\t<\/figure>\n<h3>\n\t\t\tProduktions-Editor\t<\/h3>\n\t<strong>Erik Baumann, MMT<\/strong><br \/>\n<strong>Privatpraxis, Lima, Peru<\/strong>\nErik Baumann MMT, Lima Peru, hat einen Bachelor-Abschluss in klinischer Psychologie und einen Master-Abschluss der Universitat de Barcelona. Er arbeitete am Louis Armstrong Center for Music and Medicine in New York in den Bereichen Palliativmedizin, Onkologie und P\u00e4diatrie, zun\u00e4chst als Praktikant und sp\u00e4ter als internationaler Forschungsstipendiat. Er ist Mitglied des Vorstands der International Association for Music and Medicine und Redakteur der Zeitschrift \"Music and Medicine\" (IAMM). Er ist Autor von Ver\u00f6ffentlichungen und hat seine Arbeit in Spanien, Schweden, New York und mehreren St\u00e4dten Perus sowie als Gastredner auf dem IAMM-Kongress in China und Barcelona vorgestellt. Zurzeit arbeitet er in seiner Privatpraxis, w\u00e4hrend er mit einer Gruppe von Kollegen das Bewusstsein f\u00fcr Musiktherapie sch\u00e4rft, Konferenzen und Workshops organisiert und in den Medien f\u00fcr Musiktherapie wirbt, um nur einige zu nennen.\n\t<hr \/>\n<p>&nbsp;<\/p>\n<figure itemscope itemtype=\"https:\/\/schema.org\/ImageObject\">\n\t\t\t\t<img decoding=\"async\" data-src=\"https:\/\/iammonline.com\/wp-content\/uploads\/2020\/09\/IMG_5393-e1599730130192.jpg\" alt=\"IMG_5393\" height=\"1005\" width=\"1005\" title=\"IMG_5393\" onerror=\"this.style.display='none'\" src=\"data:image\/svg+xml;base64,PHN2ZyB3aWR0aD0iMSIgaGVpZ2h0PSIxIiB4bWxucz0iaHR0cDovL3d3dy53My5vcmcvMjAwMC9zdmciPjwvc3ZnPg==\" class=\"lazyload\" style=\"--smush-placeholder-width: 1005px; --smush-placeholder-aspect-ratio: 1005\/1005;\" \/>\n\t<\/figure>\n<h3>\n\t\t\tEditor f\u00fcr internationale Zusammenfassungen\t<\/h3>\n\t<strong>Bernardo Canga, MMT<\/strong><br \/>\n<strong>Medizinische Fakult\u00e4t von Eastern Virginia, Norfolk, USA<\/strong>\nBernardo Canga, MMT, ist Fachmusiktherapeut f\u00fcr Intensivpflege und Dozent an der Abteilung f\u00fcr globale Gesundheit an der Eastern Virginia Medical School in Norfolk. Er hat einen Master-Abschluss in Musiktherapie von der P\u00e4pstlichen Universit\u00e4t Salamanca, Spanien, und ein klinisches Musiktherapie-Stipendium am Mount Sinai Beth Israel, USA. Er ver\u00f6ffentlicht in medizinischen und musiktherapeutischen Fachzeitschriften und h\u00e4lt regelm\u00e4\u00dfig Vortr\u00e4ge auf nationalen und internationalen Symposien. Sein beruflicher Schwerpunkt ist die internationale Gesundheit. Als medizinischer Ausbilder f\u00fcr Physicians for Peace (\u00c4rzte f\u00fcr den Frieden) f\u00fchrte er an deren internationalen Standorten Schulungen in Musiktherapie und p\u00e4diatrischer Verbrennungsbehandlung durch.  Sein Forschungsinteresse gilt derzeit therapeutischen Interventionen zur psychischen Gesundheit von Vertriebenen.\n\t<hr \/>\n<p>&nbsp;<\/p>\n\t<h2 align=\"center\"><strong>Redaktioneller Ausschuss<\/strong><\/h2>\n<a>Joanne V. Loewy<\/a>DA, MT-BC , LCAT, Louis Armstrong Center for Music &amp; Medicine, Mount Sinai Beth Israel Medical Center, Vereinigte Staaten\n<a>Ralph KW Spintge<\/a>Dr., Inst. Musiktherapie Hochschule f\u00fcr Musik und Theater Hamburg, Inst. Med. Musikforschung IMUR L\u00fcdenscheid, Heidelberg, Deutschland\n<a>Trygve Aasgaard<\/a>PhD, Norwegische Musikhochschule und Oslo University College, Norwegen\n<a>Sivaprakash Balasundaram<\/a>MD, PhD, Psychiatrie, Mahatma Gandhi Medical College and Research Institute, Indien\n<a>Eckart Altenm\u00fcller<\/a>Dr., PhD, Hochschule f\u00fcr Musik, Theater und Medien Hannover Institut f\u00fcr Musikphysiologie und Musikermedizin, Deutschland\n<a>Erik Baumann<\/a>MMT, Privatpraxis, Peru\n<a>Bussakorn Binson<\/a>PhD, Chulalongkorn Universit\u00e4t, Bangkok, Thailand\n<a>Elsa Anne Campbell<\/a>PhD, MT, Universit\u00e4t von Jyv\u00e4skyl\u00e4, Finnland\n<a>Witzbold Bradt<\/a>, PhD, MT-BC, Drexel University, Vereinigte Staaten\n<a>Xi Jing Chen<\/a>PhD, Chinesische Akademie der Wissenschaften, China\n<a>Hyun Ju Chong<\/a>, PhD, MT-BC, Ewha Womans University, Korea, Republik\n<a>John Peter Chong<\/a>MD, Medizinischer Direktor, Musicians' Clinics of Canada, Hamilton, Ontario, Kanada\n<a>Andrew Coiro<\/a>PhD, Konservatorium Luisa D'Annuzio di Pescara, Italien\n<a>Mark Ettenberger<\/a>PhD, MT, Abteilung f\u00fcr Musiktherapie, Universidad Nacional de Colombia, Kolumbien\n<a>Isabel Fernandez Carvajal<\/a>MD, Universidad de Valladolid, Instituto de Biologia y Genetica Molecular (IBGM), Spanien\n<a>Sunelle Fouch\u00e9<\/a>MA, Musiktherapie Community Clinic Cape Town Area, S\u00fcdafrika\n<a>Tian Gao<\/a>MMT, Zentrales Konservatorium f\u00fcr Musik, Peking, China\n<a>Jennifer Grau-S\u00e1nchez<\/a>PhD, OT, Schl Nursing &amp; Occupational Therapy of Terrassa, Autonome Universit\u00e4t von Barcelona, Bellvitge Biomed Research Inst, Spanien\n<a>St\u00e9phane Gu\u00e9tin<\/a>MD, Abteilung f\u00fcr Neurologie, Centre M\u00e9moire de Ressources Recherches (CMRR), Universit\u00e4tsklinik Montpellier, Montpellier, Frankreich\n<a>Friederike Haslbeck<\/a>PhD, DMtG, SFMT, Neonatologie, Universit\u00e4tsspital Z\u00fcrich, Schweiz\n<a>Annie Heiderscheit<\/a>PhD, MT-BC, LMFT Leiterin der Musiktherapie Augsburg College Minneapolis, MN, Vereinigte Staaten\n<a>Artur Jaschke<\/a>PhD, Musiktherapie &amp; Cog Neuro Music, ArtEZ Uni, Neonatologie, Uni Med Ctre Groningen, Clinical Neuropsych, VU Uni, Niederlande\n<a>Karen Johnston<\/a>MD, Neurochirurgie, Toronto, Kanada\n<a>Pornpan Kaenampornpan<\/a>PhD, Fakult\u00e4t f\u00fcr Bildende und Angewandte Kunst, Universit\u00e4t Khon Kaen, Thailand\n<a>Aksana Kavaliova<\/a>MMUS, Privatpraxis, Niagara on the Lake, Ontario Kanada, Bahrain\n<a>Sonett L'Abbe<\/a>PhD, Universit\u00e4t Vancouver Island, Nanaimo, British Columbia, Kanada\n<a>Klaus-Felix Laczika<\/a>MD, Medizinische Universit\u00e4t Wien, Abteilung f\u00fcr Innere Medizin I, \u00d6sterreich\n<a>ChihChen Sophia Lee<\/a>PhD, MT-BC, Professorin, Leiterin der Musiktherapie, Southwestern Oklahoma State University, Vereinigte Staaten\n<a>Teresa Lynn Lesiuk<\/a>PhD, Universit\u00e4t von Miami, Vereinigte Staaten\n<a>Frances Hendri\u00ebhetta Le Roux<\/a>MSc, PhD, Privatpraxis, Fish Hoek, S\u00fcdafrika\n<a>Pranee Liamputtong<\/a>PhD, Schule f\u00fcr Psychologie und \u00f6ffentliche Gesundheit, La Trobe Universit\u00e4t, Australien\n<a>Marcela Lichtensztejn<\/a>, MA, MT-BC, APEM | Vanguardia en Artes Aplicadas, Ciencia y Salud, Argentinien\n<a>Karl Glied<\/a>MD, Hals-Nasen-Ohren-Heilkunde: Kopf &amp; Hals &amp; Otologie, Neurotolgie &amp; Sch\u00e4delbasischirurgie, Univ of Calif San Fran, Vereinigte Staaten\n<a>Yi-Ying Lin<\/a>PhD cand., Medizinisches Universit\u00e4tskrankenhaus Taipeh, Taiwan, Provinz China\n<a>Hilary Moss<\/a>PhD, Universit\u00e4t von Limerick, Irland\n<a>Yee Sien Ng<\/a>MD, Allgemeines Krankenhaus Singapur, SingHealth Duke-NUS Graduate Medical School, Singapur\n<a>Ulrica Nilsson<\/a>RNA, PhD, Fakult\u00e4t f\u00fcr Gesundheits- und Medizinwissenschaften, Universit\u00e4t \u00d6rebro, Schweden\n<a>Monika N\u00f6cker-Ribaupierre<\/a>PhD, ehemaliger Leiter des Freien Musikzentrums M\u00fcnchen, Deutschland\n<a>Paul Nolan<\/a>MMT, Drexel University, Philadelphia, PA, Vereinigte Staaten\n<a>Hanne Mette Ochsner Ridder<\/a>PhD, Abteilung f\u00fcr Kommunikation und Psychologie, Universit\u00e4t Aalborg, D\u00e4nemark\n<a>Kana Okazaki-Sakaue<\/a>PhD, Au\u00dferordentlicher Professor Graduate School of Human Development and Environment Kobe University, Japan\n<a>Aiko Onuma<\/a>, MT-BC, Kakehashi Music, Boston, Mass, Vereinigte Staaten\n<a>Phillip L. Pearl<\/a>MD, Harvard Medical School, Vereinigte Staaten\n<a>Isabelle Peretz<\/a>PhD, Universit\u00e4t von Montreal, Quebec, Kanada\n<a>Alexia Ratazzi<\/a>MD, Kinder- und Jugendpsychiatrie, PANACEAA, Argentinien\n<a>Antoni Rodriguez-Fornells<\/a>PhD, Cog &amp; Brain Plasticity Unit ICREA &amp; Dept.Psych (Bellvitge) &amp; IDIBELL Universit\u00e4t von Barcelona L'Hospitalet, Spanien\n<a>Andrew Rossetti<\/a>PhD Cand MMT, MT-BC, LCAT, The Louis Armstrong Center for Music &amp; Medicine, Mount Sinai Healthcare System, Vereinigte Staaten\n<a>David I. Sahar<\/a>MD, FACC, FAHA, College of Physicians and Surgeons der Columbia University, Vereinigte Staaten\n<a>Teppo S\u00e4rk\u00e4m\u00f6<\/a>PhD, MA, Universit\u00e4t Helsinki, Finnland\n<a>Joseph Schlesinger<\/a>MD, Vanderbilt University Hospital, Vereinigte Staaten\n<a>Fred Schwartz<\/a>MD, Piedmont Hospital Atlanta, Georgia, Vereinigte Staaten\n<a>Helen Shoemark<\/a>PhD, Temple University, Vereinigte Staaten\n<a>Amanda Soebadi<\/a>MD, Abteilung f\u00fcr Kinderneurologie, Abteilung f\u00fcr Kindergesundheit, Medizinische Fakult\u00e4t der Universit\u00e4t Indonesien, Cipto Mangunkusumo Krankenhaus, Jakarta, Indonesien\n<a>Thomas Stegemann<\/a>MD, MT, Universit\u00e4t f\u00fcr Musik und darstellende Kunst, Wien, \u00d6sterreich\n<a>Sumathy Sundar<\/a>PhD, Chennai Schule f\u00fcr Musiktherapie, Indien\n<a>Patsy Tan<\/a>Dr., Royal Adelaide Hospital, Australien\n<a>Julian Thayer<\/a>PhD, Abteilung f\u00fcr Psychologie, Ohio State University, Ohio, Vereinigte Staaten\n<a>Hans-Joachim Trappe<\/a>MD, Abteilung f\u00fcr Kardiologie und Angiologie, Deutschland\n<a>Alan Turry<\/a>DA, MT-BC, LCAT Nordoff Robbins Center for Music Therapy, New York University, Vereinigte Staaten\n<a>Patravoot Vatanasapt<\/a>MD, Medizinische Fakult\u00e4t, Universit\u00e4t Khon Kaen, Thailand\n<a>Juri Yun<\/a>, MT-DMtg, KCMT, Ewha Music Wellness Center, Korea, Republik\n<a>Ga Eul Yoo<\/a>Ewha Womans University, Seoul, Korea, Republik\n<a>Barbara L. Wheeler<\/a>PhD, MT-BC, Professor Emeritus, Montclair State University, Upper Montclair, New Jersey, Vereinigte Staaten\n<a>Liza Wu<\/a>, MA, MT-BC, LCAT, NMT, Musiktherapeutin, NYU Langone Orthopedic Hospital","protected":false},"excerpt":{"rendered":"<p>Editorial Team Co-Editor-in-Chief Ralph Spintge, MD Institute for Music Therapy, University for Music and Drama, Hamburg, Germany Ralph Spintge MD, Dr.med., is Director of the Institute for Medical Music Research IMUR, Luedenscheid Germany, lifetime Professor for MusicMedicine at University for Music and Drama; Adjunct Professor em. at Institute for Music [&hellip;]<\/p>\n","protected":false},"author":1,"featured_media":0,"parent":0,"menu_order":0,"comment_status":"closed","ping_status":"closed","template":"page-templates\/template-pagebuilder-full-width.php","meta":{"_bbp_topic_count":0,"_bbp_reply_count":0,"_bbp_total_topic_count":0,"_bbp_total_reply_count":0,"_bbp_voice_count":0,"_bbp_anonymous_reply_count":0,"_bbp_topic_count_hidden":0,"_bbp_reply_count_hidden":0,"_bbp_forum_subforum_count":0,"om_disable_all_campaigns":false,"_monsterinsights_skip_tracking":false,"_monsterinsights_sitenote_active":false,"_monsterinsights_sitenote_note":"","_monsterinsights_sitenote_category":0,"advanced_seo_description":"","jetpack_seo_html_title":"","jetpack_seo_noindex":false,"_price":"","_stock":"","_tribe_ticket_header":"","_tribe_default_ticket_provider":"","_tribe_ticket_capacity":"0","_ticket_start_date":"","_ticket_end_date":"","_tribe_ticket_show_description":"","_tribe_ticket_show_not_going":false,"_tribe_ticket_use_global_stock":"","_tribe_ticket_global_stock_level":"","_global_stock_mode":"","_global_stock_cap":"","_tribe_rsvp_for_event":"","_tribe_ticket_going_count":"","_tribe_ticket_not_going_count":"","_tribe_tickets_list":"[]","_tribe_ticket_has_attendee_info_fields":false,"jetpack_post_was_ever_published":false,"footnotes":"","_tec_slr_enabled":"","_tec_slr_layout":""},"class_list":["post-58","page","type-page","status-publish","hentry"],"jetpack_sharing_enabled":true,"jetpack_shortlink":"https:\/\/wp.me\/Pa8LTR-W","jetpack-related-posts":[{"id":6640,"url":"https:\/\/iammonline.com\/de\/iamm2022library\/joanne-loewy\/","url_meta":{"origin":58,"position":0},"title":"Integrierende Mechanismen von Musik und Musiktherapie in der Medizin","author":"IAMM Admin","date":"Mai 17, 2022","format":false,"excerpt":"Vorschau modal- Joanne Loewy DA, LCAT, MT-BC Joanne Loewy DA, LCAT, MT-BC ist Autorin, Forscherin, internationale Rednerin und Gr\u00fcndungsdirektorin der Abteilung f\u00fcr Musiktherapie, die sie 1994 am Mount Sinai Beth Israel in New York initiierte. Im Jahr 2005 initiierte sie das Louis Armstrong Center for Music and...","rel":"","context":"\u00c4hnlicher Beitrag","block_context":{"text":"\u00c4hnlicher Beitrag","link":""},"img":{"alt_text":"","src":"","width":0,"height":0},"classes":[]},{"id":4186,"url":"https:\/\/iammonline.com\/de\/iamm2022\/","url_meta":{"origin":58,"position":1},"title":"IAMM2022","author":"IAMM Admin","date":"Mai 7, 2021","format":false,"excerpt":"7th International Conference of the IAMM in Athens, Greece, and online Photo by Patrick on Unsplash The 7th International Conference of the IAMM was held May 28 - 29, 2022 in Athens, Greece. Meetings and presentations from Greek and international invited speakers took place in person and through live streaming\u2026","rel":"","context":"\u00c4hnlicher Beitrag","block_context":{"text":"\u00c4hnlicher Beitrag","link":""},"img":{"alt_text":"","src":"https:\/\/i0.wp.com\/iammonline.com\/wp-content\/uploads\/2022\/05\/Evangelia.jpeg?resize=350%2C200&ssl=1","width":350,"height":200,"srcset":"https:\/\/i0.wp.com\/iammonline.com\/wp-content\/uploads\/2022\/05\/Evangelia.jpeg?resize=350%2C200&ssl=1 1x, https:\/\/i0.wp.com\/iammonline.com\/wp-content\/uploads\/2022\/05\/Evangelia.jpeg?resize=525%2C300&ssl=1 1.5x"},"classes":[]},{"id":4667,"url":"https:\/\/iammonline.com\/de\/history\/","url_meta":{"origin":58,"position":2},"title":"Geschichte der IAMM","author":"IAMM Admin","date":"Juli 27, 2021","format":false,"excerpt":"Geschichte der IAMM Die International Association for Music &amp; Medicine (Internationale Vereinigung f\u00fcr Musik und Medizin) ist eine eingetragene gemeinn\u00fctzige Organisation, die 2009 gegr\u00fcndet wurde, um den Einsatz von Musik im medizinischen Bereich zu f\u00f6rdern und zu unterst\u00fctzen, einschlie\u00dflich der Erforschung der Vorteile von Musik und ihrer speziellen Anwendungen im Gesundheitswesen. Unser globaler Auftrag ist die Unterst\u00fctzung der Entwicklung...","rel":"","context":"\u00c4hnlicher Beitrag","block_context":{"text":"\u00c4hnlicher Beitrag","link":""},"img":{"alt_text":"","src":"https:\/\/i0.wp.com\/iammonline.com\/wp-content\/uploads\/2021\/11\/iamm-inaugural-conf-2009-Ireland-1024x681.jpeg?resize=350%2C200&ssl=1","width":350,"height":200,"srcset":"https:\/\/i0.wp.com\/iammonline.com\/wp-content\/uploads\/2021\/11\/iamm-inaugural-conf-2009-Ireland-1024x681.jpeg?resize=350%2C200&ssl=1 1x, https:\/\/i0.wp.com\/iammonline.com\/wp-content\/uploads\/2021\/11\/iamm-inaugural-conf-2009-Ireland-1024x681.jpeg?resize=525%2C300&ssl=1 1.5x, https:\/\/i0.wp.com\/iammonline.com\/wp-content\/uploads\/2021\/11\/iamm-inaugural-conf-2009-Ireland-1024x681.jpeg?resize=700%2C400&ssl=1 2x"},"classes":[]},{"id":2702,"url":"https:\/\/iammonline.com\/de\/upcoming-journal-music-and-medicine-july-2020\/","url_meta":{"origin":58,"position":3},"title":"Upcoming Journal: Music and Medicine July 2020","author":"Samuel Gracida","date":"Juli 19, 2020","format":false,"excerpt":"Editorial \u201cI Can\u2018t Breathe\u201d: Listening to the Sounds of Converging Messages and Considering Their Relevance to Music and Medicine Joanne Loewy & Ralph Spintge Full Length Articles Preventing Music Performance Anxiety (MPA): Music Students Judge Combined Depth Relaxation Music Therapy (DRMT) and Silence to be an Effective Methodology Eric Pfeifer,\u2026","rel":"","context":"\u00c4hnlicher Beitrag","block_context":{"text":"\u00c4hnlicher Beitrag","link":""},"img":{"alt_text":"","src":"","width":0,"height":0},"classes":[]},{"id":5463,"url":"https:\/\/iammonline.com\/de\/iamm2016\/","url_meta":{"origin":58,"position":4},"title":"IAMM2016","author":"IAMM Admin","date":"Januar 4, 2022","format":false,"excerpt":"The 4th World Conference of the International Association for Music & Medicine in Beijing, China, June, 11-15th, 2016 Music therapists, medical doctors, researchers, nurses, musicians and students from all over the world attended the 4th World Conference of the International Association for Music and Medicine Conference in Beijing, China. It\u2026","rel":"","context":"\u00c4hnlicher Beitrag","block_context":{"text":"\u00c4hnlicher Beitrag","link":""},"img":{"alt_text":"","src":"https:\/\/i0.wp.com\/iammonline.com\/wp-content\/uploads\/2022\/01\/Barbara-Wheeler.jpg?resize=350%2C200&ssl=1","width":350,"height":200,"srcset":"https:\/\/i0.wp.com\/iammonline.com\/wp-content\/uploads\/2022\/01\/Barbara-Wheeler.jpg?resize=350%2C200&ssl=1 1x, https:\/\/i0.wp.com\/iammonline.com\/wp-content\/uploads\/2022\/01\/Barbara-Wheeler.jpg?resize=525%2C300&ssl=1 1.5x, https:\/\/i0.wp.com\/iammonline.com\/wp-content\/uploads\/2022\/01\/Barbara-Wheeler.jpg?resize=700%2C400&ssl=1 2x"},"classes":[]},{"id":6647,"url":"https:\/\/iammonline.com\/de\/iamm2022library\/biology-psychoanalysis-music\/","url_meta":{"origin":58,"position":5},"title":"Biology &#038; Psychoanalysis on Music","author":"IAMM Admin","date":"Mai 17, 2022","format":false,"excerpt":"Chairs: Dr Dimitris Kyriazis and Dr Athanasios Dritsas Participants: Prof. Christodoulos Flordellis, Eleni Philippachi PhD, Prof. Yannis Stavrakakis\u00a0 In his presentation, Prof. Flordellis will describe the radical plasticity of the brain: its ability to change with experience at the synaptic, chromatin, neuronal circuit, and whole-brain levels. And he will refer\u2026","rel":"","context":"\u00c4hnlicher Beitrag","block_context":{"text":"\u00c4hnlicher Beitrag","link":""},"img":{"alt_text":"Artboard 1 copy 34","src":"https:\/\/i0.wp.com\/iammonline.com\/wp-content\/uploads\/2022\/05\/Artboard-1-copy-34.png?resize=350%2C200&ssl=1","width":350,"height":200,"srcset":"https:\/\/i0.wp.com\/iammonline.com\/wp-content\/uploads\/2022\/05\/Artboard-1-copy-34.png?resize=350%2C200&ssl=1 1x, https:\/\/i0.wp.com\/iammonline.com\/wp-content\/uploads\/2022\/05\/Artboard-1-copy-34.png?resize=525%2C300&ssl=1 1.5x, https:\/\/i0.wp.com\/iammonline.com\/wp-content\/uploads\/2022\/05\/Artboard-1-copy-34.png?resize=700%2C400&ssl=1 2x, https:\/\/i0.wp.com\/iammonline.com\/wp-content\/uploads\/2022\/05\/Artboard-1-copy-34.png?resize=1050%2C600&ssl=1 3x"},"classes":[]}],"ticketed":false,"_links":{"self":[{"href":"https:\/\/iammonline.com\/de\/wp-json\/wp\/v2\/pages\/58","targetHints":{"allow":["GET"]}}],"collection":[{"href":"https:\/\/iammonline.com\/de\/wp-json\/wp\/v2\/pages"}],"about":[{"href":"https:\/\/iammonline.com\/de\/wp-json\/wp\/v2\/types\/page"}],"author":[{"embeddable":true,"href":"https:\/\/iammonline.com\/de\/wp-json\/wp\/v2\/users\/1"}],"replies":[{"embeddable":true,"href":"https:\/\/iammonline.com\/de\/wp-json\/wp\/v2\/comments?post=58"}],"version-history":[{"count":34,"href":"https:\/\/iammonline.com\/de\/wp-json\/wp\/v2\/pages\/58\/revisions"}],"predecessor-version":[{"id":13427,"href":"https:\/\/iammonline.com\/de\/wp-json\/wp\/v2\/pages\/58\/revisions\/13427"}],"wp:attachment":[{"href":"https:\/\/iammonline.com\/de\/wp-json\/wp\/v2\/media?parent=58"}],"curies":[{"name":"wp","href":"https:\/\/api.w.org\/{rel}","templated":true}]}}