{"id":43,"date":"2018-08-02T03:36:16","date_gmt":"2018-08-02T03:36:16","guid":{"rendered":"https:\/\/iammonline.com\/?page_id=43"},"modified":"2024-03-21T08:47:16","modified_gmt":"2024-03-21T08:47:16","slug":"mmd-journal","status":"publish","type":"page","link":"https:\/\/iammonline.com\/de\/mmd-journal\/","title":{"rendered":"MMD-Journal"},"content":{"rendered":"<h1>\n\t\tMusik und Medizin - Die offizielle Zeitschrift der IAMM\n\t<\/h1>\n\t\t\t\t<img decoding=\"async\" data-src=\"https:\/\/iammonline.com\/wp-content\/uploads\/2024\/03\/MMD-2024-cover.png\" alt=\"MMD 2024 cover\" itemprop=\"image\" height=\"1286\" width=\"990\" title=\"MMD 2024 Abdeckung\" onerror=\"this.style.display='none'\" src=\"data:image\/svg+xml;base64,PHN2ZyB3aWR0aD0iMSIgaGVpZ2h0PSIxIiB4bWxucz0iaHR0cDovL3d3dy53My5vcmcvMjAwMC9zdmciPjwvc3ZnPg==\" class=\"lazyload\" style=\"--smush-placeholder-width: 990px; --smush-placeholder-aspect-ratio: 990\/1286;\" \/>\n\t<em>Music and Medicine Journal<\/em>\u00a0ist eine interdisziplin\u00e4re Zeitschrift, die als integratives Forum f\u00fcr die klinische Praxis und Forschung im Zusammenhang mit Musikinterventionen und der Anwendung klinischer Musikstrategien in der Medizin dient.\nJede von Experten begutachtete Ausgabe bietet Originalartikel, Fallstudien, redaktionelle Kommentare und Interviews aus der klinischen Medizin, den Neurowissenschaften, den Verhaltenswissenschaften, der Krankenpflege und der Sozialarbeit, die Forschungsergebnisse aus den Bereichen Musik, Musikpsychologie, Musikkognition, Musikneurologie und Musiktherapie in wissenschaftlich fundierte klinische Anwendungen umsetzen.\nDas Ziel f\u00fcr <em>Music and Medicine Journal<\/em> besteht darin, Informationen zusammenzuf\u00fchren, die derzeit \u00fcber viele Disziplinen und zahlreiche Ver\u00f6ffentlichungen verstreut sind.\n<p><strong><a href=\"http:\/\/mmd.iammonline.com\">mmd.iammonline.com<\/a><\/strong><\/p>\n<p><a href=\"https:\/\/iammonline.com\/de\/join-us\/\">Treffen Sie das Team hinter <em>Music and Medicine.<\/em><\/a><\/p>\n<h2>\n\t\tThemen und Merkmale\u00a0\n\t<\/h2>\n\t<b>In der Zeitschrift behandelte Themen und Merkmale:<br \/>\n<\/b>\n- Analgesie und Sedierung mit Musik<br \/>\n- Verbindung von Gehirn und Musik<br \/>\n- Krebsbehandlung: Aktive und rezeptive Musikangebote<br \/>\n- Kardiologie und Rhythmik<br \/>\n- Klinische Improvisation bei Gesundheit und Krankheit<br \/>\n- Demenz, Schlaganfall und Musikged\u00e4chtnis<br \/>\n- Musik auf der Intensivstation<br \/>\n- Stimulation von Kleinkindern<br \/>\n- Integrative Musikmedizin<br \/>\n- Medizinische Bedingungen und Behandlung von Musikern<br \/>\n- Medizinische Ethnomusikologie<br \/>\n- Medizinische Musikpsychotherapie<br \/>\n- Gem\u00fctskrankheiten und Musikpsychologie<br \/>\n- Musik und Kultur in der Medizin<br \/>\n- Musik f\u00fcr Gesundheit und Wohlbefinden<br \/>\n- Musik in der \u00dcbergangsphase: NICU, Hospiz bis zum Lebensende<br \/>\n- Musik in der Chirurgie: Pr\u00e4operativ bis postoperativ<br \/>\n- Musik bei traumatischen Reaktionen und Verletzungen<br \/>\n- Neurologische Musikans\u00e4tze<br \/>\n- Schmerz- und palliativmedizinische Musikstrategien<br \/>\n- Psychosoziale Interventionen mit Musik<br \/>\n- Musik bei Erkrankungen der Atemwege:  Asthma, CF, COPD<br \/>\n- Gesang, Klang und Resonanz in der Mind-Body-Medizin<br \/>\n- Stressreaktion und Entspannung mit Musik<br \/>\n- Vibration und Tonisierung in der Medizin\n<p><b>Das Journal enth\u00e4lt au\u00dferdem\u00a0<\/b><\/p>\n- Artikel \u00fcber die kulturelle Bedeutung von Musik in der Medizin und Artikel, in denen beschrieben wird, wie man wirksame Programme aufbaut und entwickelt<br \/>\n- Pers\u00f6nliche Stellungnahmen<br \/>\n- Rezensionen kontroverser Themen und Praktiken (z. B. Musiktherapie f\u00fcr Gehirnfunktionen oder Musik zur Heilung)\n<p>Als IAMM-Mitglied haben Sie Zugang zu allen Ausgaben dieser Zeitschrift, einschlie\u00dflich fr\u00fcherer Ausgaben und Beitr\u00e4ge, unter <a href=\"http:\/\/mmd.iammonline.com\">mmd.iammonline.com.<\/a><\/p>\n<h3>\n\t\tWerden Sie Mitglied der IAMM und erhalten Sie Zugang zum Music &amp; Medicine Journal\n\t<\/h3>\n\t\t\t<a href=\"https:\/\/iammonline.com\/de\/join-us\/\" target=\"_self\" rel=\"noopener\">\n\t\t\t\t\t\t\tMITGLIED WERDEN\n\t\t\t\t\t<\/a>","protected":false},"excerpt":{"rendered":"<p>Music and Medicine &#8211; The Official Journal of the IAMM Music and Medicine\u00a0is an interdisciplinary journal that serves as an integrative forum for clinical practice and research related to music interventions and applications of clinical music strategies in medicine. Each peer-reviewed issue offers original articles, case studies, editorial commentaries, and [&hellip;]<\/p>\n","protected":false},"author":1,"featured_media":0,"parent":0,"menu_order":0,"comment_status":"closed","ping_status":"open","template":"page-templates\/template-pagebuilder-full-width.php","meta":{"_bbp_topic_count":0,"_bbp_reply_count":0,"_bbp_total_topic_count":0,"_bbp_total_reply_count":0,"_bbp_voice_count":0,"_bbp_anonymous_reply_count":0,"_bbp_topic_count_hidden":0,"_bbp_reply_count_hidden":0,"_bbp_forum_subforum_count":0,"om_disable_all_campaigns":false,"_monsterinsights_skip_tracking":false,"_monsterinsights_sitenote_active":false,"_monsterinsights_sitenote_note":"","_monsterinsights_sitenote_category":0,"advanced_seo_description":"","jetpack_seo_html_title":"","jetpack_seo_noindex":false,"_price":"","_stock":"","_tribe_ticket_header":"","_tribe_default_ticket_provider":"","_tribe_ticket_capacity":"0","_ticket_start_date":"","_ticket_end_date":"","_tribe_ticket_show_description":"","_tribe_ticket_show_not_going":false,"_tribe_ticket_use_global_stock":"","_tribe_ticket_global_stock_level":"","_global_stock_mode":"","_global_stock_cap":"","_tribe_rsvp_for_event":"","_tribe_ticket_going_count":"","_tribe_ticket_not_going_count":"","_tribe_tickets_list":"[]","_tribe_ticket_has_attendee_info_fields":false,"jetpack_post_was_ever_published":false,"footnotes":"","_tec_slr_enabled":"","_tec_slr_layout":""},"class_list":["post-43","page","type-page","status-publish","hentry"],"jetpack_sharing_enabled":true,"jetpack_shortlink":"https:\/\/wp.me\/Pa8LTR-H","jetpack-related-posts":[{"id":4,"url":"https:\/\/iammonline.com\/de\/","url_meta":{"origin":43,"position":0},"title":"Startseite","author":"IAMM Admin","date":"August 2, 2018","format":false,"excerpt":"Willkommen bei IAMM Die International Association for Music &amp; Medicine ist eine eingetragene gemeinn\u00fctzige Organisation, die 2009 gegr\u00fcndet wurde, um den Einsatz von Musik in medizinischen Kontexten zu f\u00f6rdern und zu unterst\u00fctzen, einschlie\u00dflich der Erforschung der Vorteile von Musik und ihrer speziellen Anwendungen im Gesundheitswesen. Werden Sie Mitglied bei IAMM LESEN SIE UNSEREN BLOG IAMM 2026 Internationale...","rel":"","context":"\u00c4hnlicher Beitrag","block_context":{"text":"\u00c4hnlicher Beitrag","link":""},"img":{"alt_text":"","src":"https:\/\/i0.wp.com\/iammonline.com\/wp-content\/uploads\/2018\/08\/iammlogolarge.jpg?resize=350%2C200&ssl=1","width":350,"height":200,"srcset":"https:\/\/i0.wp.com\/iammonline.com\/wp-content\/uploads\/2018\/08\/iammlogolarge.jpg?resize=350%2C200&ssl=1 1x, https:\/\/i0.wp.com\/iammonline.com\/wp-content\/uploads\/2018\/08\/iammlogolarge.jpg?resize=525%2C300&ssl=1 1.5x, https:\/\/i0.wp.com\/iammonline.com\/wp-content\/uploads\/2018\/08\/iammlogolarge.jpg?resize=700%2C400&ssl=1 2x, https:\/\/i0.wp.com\/iammonline.com\/wp-content\/uploads\/2018\/08\/iammlogolarge.jpg?resize=1050%2C600&ssl=1 3x, https:\/\/i0.wp.com\/iammonline.com\/wp-content\/uploads\/2018\/08\/iammlogolarge.jpg?resize=1400%2C800&ssl=1 4x"},"classes":[]},{"id":4667,"url":"https:\/\/iammonline.com\/de\/history\/","url_meta":{"origin":43,"position":1},"title":"Geschichte der IAMM","author":"IAMM Admin","date":"Juli 27, 2021","format":false,"excerpt":"Geschichte der IAMM Die International Association for Music &amp; Medicine (Internationale Vereinigung f\u00fcr Musik und Medizin) ist eine eingetragene gemeinn\u00fctzige Organisation, die 2009 gegr\u00fcndet wurde, um den Einsatz von Musik im medizinischen Bereich zu f\u00f6rdern und zu unterst\u00fctzen, einschlie\u00dflich der Erforschung der Vorteile von Musik und ihrer speziellen Anwendungen im Gesundheitswesen. Unser globaler Auftrag ist die Unterst\u00fctzung der Entwicklung...","rel":"","context":"\u00c4hnlicher Beitrag","block_context":{"text":"\u00c4hnlicher Beitrag","link":""},"img":{"alt_text":"","src":"https:\/\/i0.wp.com\/iammonline.com\/wp-content\/uploads\/2021\/11\/iamm-inaugural-conf-2009-Ireland-1024x681.jpeg?resize=350%2C200&ssl=1","width":350,"height":200,"srcset":"https:\/\/i0.wp.com\/iammonline.com\/wp-content\/uploads\/2021\/11\/iamm-inaugural-conf-2009-Ireland-1024x681.jpeg?resize=350%2C200&ssl=1 1x, https:\/\/i0.wp.com\/iammonline.com\/wp-content\/uploads\/2021\/11\/iamm-inaugural-conf-2009-Ireland-1024x681.jpeg?resize=525%2C300&ssl=1 1.5x, https:\/\/i0.wp.com\/iammonline.com\/wp-content\/uploads\/2021\/11\/iamm-inaugural-conf-2009-Ireland-1024x681.jpeg?resize=700%2C400&ssl=1 2x"},"classes":[]},{"id":6640,"url":"https:\/\/iammonline.com\/de\/iamm2022library\/joanne-loewy\/","url_meta":{"origin":43,"position":2},"title":"Integrierende Mechanismen von Musik und Musiktherapie in der Medizin","author":"IAMM Admin","date":"Mai 17, 2022","format":false,"excerpt":"Vorschau modal- Joanne Loewy DA, LCAT, MT-BC Joanne Loewy DA, LCAT, MT-BC ist Autorin, Forscherin, internationale Rednerin und Gr\u00fcndungsdirektorin der Abteilung f\u00fcr Musiktherapie, die sie 1994 am Mount Sinai Beth Israel in New York initiierte. Im Jahr 2005 initiierte sie das Louis Armstrong Center for Music and...","rel":"","context":"\u00c4hnlicher Beitrag","block_context":{"text":"\u00c4hnlicher Beitrag","link":""},"img":{"alt_text":"","src":"","width":0,"height":0},"classes":[]},{"id":52,"url":"https:\/\/iammonline.com\/de\/journal-submission\/","url_meta":{"origin":43,"position":3},"title":"Journal Einreichung","author":"IAMM Admin","date":"August 3, 2018","format":false,"excerpt":"Zeitschrifteneinreichung Sehr geehrte Abonnenten, potenzielle Autoren und Gutachter von 'Music &amp; Medicine', 'Music &amp; Medicine' wird von der International Association for Music &amp; Medicine (IAMM) herausgegeben. Unser Redaktionsteam gew\u00e4hrleistet die Verbreitung von Forschung und Praxis auf hohem Niveau, wobei die Artikel die Standards, die Qualit\u00e4t und die Integrit\u00e4t unserer Mission widerspiegeln. Jede Einreichung...","rel":"","context":"\u00c4hnlicher Beitrag","block_context":{"text":"\u00c4hnlicher Beitrag","link":""},"img":{"alt_text":"","src":"","width":0,"height":0},"classes":[]},{"id":9053,"url":"https:\/\/iammonline.com\/de\/chronicpain\/","url_meta":{"origin":43,"position":4},"title":"Spezielle Interessengruppe - Musiktherapie und chronische Schmerzen","author":"IAMM Admin","date":"Dezember 29, 2023","format":false,"excerpt":"Special Interest Group Musiktherapie und chronische Schmerzen Diese Special Interest Group (SIG) \u00fcber den Einsatz von Musik und Musiktherapie bei chronischen Schmerzen wurde 2021 von der International Association of Music Medicine gegr\u00fcndet. Sie wurde im Anschluss an Diskussionen zwischen Prof. Hilary Moss und Dr. Katie Fitzpatrick auf der...","rel":"","context":"\u00c4hnlicher Beitrag","block_context":{"text":"\u00c4hnlicher Beitrag","link":""},"img":{"alt_text":"","src":"https:\/\/i0.wp.com\/iammonline.com\/wp-content\/uploads\/2023\/08\/Prof-Dominic-Harmon.jpg?resize=350%2C200&ssl=1","width":350,"height":200},"classes":[]},{"id":3878,"url":"https:\/\/iammonline.com\/de\/musicmedicinechina\/","url_meta":{"origin":43,"position":5},"title":"Im Gespr\u00e4ch mit: Xijing Chen, Mingming Liu, und Qian Liu","author":"IAMM Admin","date":"M\u00e4rz 23, 2021","format":false,"excerpt":"Im Gespr\u00e4ch mit: Xijing Chen, Mingming Liu und Qian Liu (\u4e2d\u6587\u7248\u672c\u8bf7\u5411\u4e0b\u6eda\u52a8) Bei dieser Veranstaltung wird das IAMM mit Xijing Chen, Mingming Liu und Qian Liu ins Gespr\u00e4ch kommen. Als Musiktherapeuten, P\u00e4dagogen und Forscher werden Prof. Liu und Dr. Chen mit Dr. Qian Liu, einem Mediziner, \u00fcber die Entwicklung der...","rel":"","context":"\u00c4hnlicher Beitrag","block_context":{"text":"\u00c4hnlicher Beitrag","link":""},"img":{"alt_text":"","src":"https:\/\/i0.wp.com\/iammonline.com\/wp-content\/uploads\/2021\/01\/IAMM2021-graphics-04.png?resize=350%2C200&ssl=1","width":350,"height":200,"srcset":"https:\/\/i0.wp.com\/iammonline.com\/wp-content\/uploads\/2021\/01\/IAMM2021-graphics-04.png?resize=350%2C200&ssl=1 1x, https:\/\/i0.wp.com\/iammonline.com\/wp-content\/uploads\/2021\/01\/IAMM2021-graphics-04.png?resize=525%2C300&ssl=1 1.5x, https:\/\/i0.wp.com\/iammonline.com\/wp-content\/uploads\/2021\/01\/IAMM2021-graphics-04.png?resize=700%2C400&ssl=1 2x, https:\/\/i0.wp.com\/iammonline.com\/wp-content\/uploads\/2021\/01\/IAMM2021-graphics-04.png?resize=1050%2C600&ssl=1 3x, https:\/\/i0.wp.com\/iammonline.com\/wp-content\/uploads\/2021\/01\/IAMM2021-graphics-04.png?resize=1400%2C800&ssl=1 4x"},"classes":[]}],"ticketed":false,"_links":{"self":[{"href":"https:\/\/iammonline.com\/de\/wp-json\/wp\/v2\/pages\/43","targetHints":{"allow":["GET"]}}],"collection":[{"href":"https:\/\/iammonline.com\/de\/wp-json\/wp\/v2\/pages"}],"about":[{"href":"https:\/\/iammonline.com\/de\/wp-json\/wp\/v2\/types\/page"}],"author":[{"embeddable":true,"href":"https:\/\/iammonline.com\/de\/wp-json\/wp\/v2\/users\/1"}],"replies":[{"embeddable":true,"href":"https:\/\/iammonline.com\/de\/wp-json\/wp\/v2\/comments?post=43"}],"version-history":[{"count":11,"href":"https:\/\/iammonline.com\/de\/wp-json\/wp\/v2\/pages\/43\/revisions"}],"predecessor-version":[{"id":10664,"href":"https:\/\/iammonline.com\/de\/wp-json\/wp\/v2\/pages\/43\/revisions\/10664"}],"wp:attachment":[{"href":"https:\/\/iammonline.com\/de\/wp-json\/wp\/v2\/media?parent=43"}],"curies":[{"name":"wp","href":"https:\/\/api.w.org\/{rel}","templated":true}]}}